{"id":3760,"date":"2023-04-13T14:26:17","date_gmt":"2023-04-13T12:26:17","guid":{"rendered":"https:\/\/belfiore-italia.com\/ueber-ons\/"},"modified":"2024-11-18T19:45:34","modified_gmt":"2024-11-18T18:45:34","slug":"ueber-ons","status":"publish","type":"page","link":"https:\/\/belfiore-italia.com\/de\/ueber-ons\/","title":{"rendered":"\u00dcber Ons"},"content":{"rendered":"\t\t<div data-elementor-type=\"wp-page\" data-elementor-id=\"3760\" class=\"elementor elementor-3760 elementor-2826\">\n\t\t\t\t\t\t<section class=\"elementor-section elementor-top-section elementor-element elementor-element-d1520c8 elementor-section-boxed elementor-section-height-default elementor-section-height-default\" data-id=\"d1520c8\" data-element_type=\"section\">\n\t\t\t\t\t\t<div class=\"elementor-container elementor-column-gap-default\">\n\t\t\t\t\t<div class=\"elementor-column elementor-col-100 elementor-top-column elementor-element elementor-element-a61d452\" data-id=\"a61d452\" data-element_type=\"column\">\n\t\t\t<div class=\"elementor-widget-wrap elementor-element-populated\">\n\t\t\t\t\t\t<div class=\"elementor-element elementor-element-7afc25e elementor-widget elementor-widget-spacer\" data-id=\"7afc25e\" data-element_type=\"widget\" data-widget_type=\"spacer.default\">\n\t\t\t\t<div class=\"elementor-widget-container\">\n\t\t\t\t\t<div class=\"elementor-spacer\">\n\t\t\t<div class=\"elementor-spacer-inner\"><\/div>\n\t\t<\/div>\n\t\t\t\t<\/div>\n\t\t\t\t<\/div>\n\t\t\t\t\t<\/div>\n\t\t<\/div>\n\t\t\t\t\t<\/div>\n\t\t<\/section>\n\t\t\t\t<section class=\"elementor-section elementor-top-section elementor-element elementor-element-cdb1ebf elementor-section-boxed elementor-section-height-default elementor-section-height-default\" data-id=\"cdb1ebf\" data-element_type=\"section\">\n\t\t\t\t\t\t<div class=\"elementor-container elementor-column-gap-default\">\n\t\t\t\t\t<div class=\"elementor-column elementor-col-50 elementor-top-column elementor-element elementor-element-450736b\" data-id=\"450736b\" data-element_type=\"column\">\n\t\t\t<div class=\"elementor-widget-wrap elementor-element-populated\">\n\t\t\t\t\t\t<div class=\"elementor-element elementor-element-c3ca050 elementor-widget elementor-widget-text-editor\" data-id=\"c3ca050\" data-element_type=\"widget\" data-widget_type=\"text-editor.default\">\n\t\t\t\t<div class=\"elementor-widget-container\">\n\t\t\t\t\t\t\t<h4>Unser italienischer Traum ist wahr geworden!<\/h4><p>Wie wir gro\u00dfe und kleine G\u00e4ste, 37 Hochzeiten, viele Workshops und Besuche bei Familie und Freunden genossen haben. Jedes Jahr die Kinder und Enkel im Borgo. Eine Feier!<\/p><p>Jetzt ist es an der Zeit, dass wir beiseite treten.<br \/>Ab April 2022 werden Maud und Roland de Vries mit ihren T\u00f6chtern hier im Borgo Belfiore sein.<br \/>Sie sind unsere neuen Administratoren und werden den Gro\u00dfteil der Arbeit \u00fcbernehmen. Wir bleiben Eigent\u00fcmer und werden unsere Erfahrung aus der Ferne einbringen und bei Bedarf auch Hand- und Spanndienste anbieten.<br \/>Maud und Roland haben hier vor 12 Jahren geheiratet und kennen das Borgo und die Marken sehr gut.<br \/>Neben ihrer sympathischen Gastfreundschaft verf\u00fcgen sie \u00fcber viel Erfahrung im Gastgewerbe und sind Unternehmer durch und durch.<br \/>Wir kennen und sch\u00e4tzen sie schon seit langem und \u00fcbergeben vertrauensvoll den Staffelstab, wohlwissend, dass die G\u00e4ste von Belfiore diesen Ort und ihre Gastfreundschaft f\u00fcr Jung und Alt auch weiterhin genie\u00dfen werden.<br \/>Der italienische Traum geh\u00f6rt jetzt ihnen.<\/p><h6><i>Pieter &amp; Susanne<\/i><\/h6>\t\t\t\t\t\t<\/div>\n\t\t\t\t<\/div>\n\t\t\t\t\t<\/div>\n\t\t<\/div>\n\t\t\t\t<div class=\"elementor-column elementor-col-50 elementor-top-column elementor-element elementor-element-7621766\" data-id=\"7621766\" data-element_type=\"column\">\n\t\t\t<div class=\"elementor-widget-wrap elementor-element-populated\">\n\t\t\t\t\t\t<div class=\"elementor-element elementor-element-d07b021 elementor-widget elementor-widget-spacer\" data-id=\"d07b021\" data-element_type=\"widget\" data-widget_type=\"spacer.default\">\n\t\t\t\t<div class=\"elementor-widget-container\">\n\t\t\t\t\t<div class=\"elementor-spacer\">\n\t\t\t<div class=\"elementor-spacer-inner\"><\/div>\n\t\t<\/div>\n\t\t\t\t<\/div>\n\t\t\t\t<\/div>\n\t\t\t\t<div class=\"elementor-element elementor-element-7b20b21 elementor-widget elementor-widget-image\" data-id=\"7b20b21\" data-element_type=\"widget\" data-widget_type=\"image.default\">\n\t\t\t\t<div class=\"elementor-widget-container\">\n\t\t\t\t\t\t\t\t\t\t\t\t\t<img fetchpriority=\"high\" decoding=\"async\" width=\"654\" height=\"1024\" src=\"https:\/\/belfiore-italia.com\/wp-content\/uploads\/2024\/11\/aboutUs-1-768x1203-1-654x1024.jpg\" class=\"attachment-large size-large wp-image-6926\" alt=\"\" srcset=\"https:\/\/belfiore-italia.com\/wp-content\/uploads\/2024\/11\/aboutUs-1-768x1203-1-654x1024.jpg 654w, https:\/\/belfiore-italia.com\/wp-content\/uploads\/2024\/11\/aboutUs-1-768x1203-1-192x300.jpg 192w, https:\/\/belfiore-italia.com\/wp-content\/uploads\/2024\/11\/aboutUs-1-768x1203-1-51x80.jpg 51w, https:\/\/belfiore-italia.com\/wp-content\/uploads\/2024\/11\/aboutUs-1-768x1203-1-193x303.jpg 193w, https:\/\/belfiore-italia.com\/wp-content\/uploads\/2024\/11\/aboutUs-1-768x1203-1-447x700.jpg 447w, https:\/\/belfiore-italia.com\/wp-content\/uploads\/2024\/11\/aboutUs-1-768x1203-1-606x950.jpg 606w, https:\/\/belfiore-italia.com\/wp-content\/uploads\/2024\/11\/aboutUs-1-768x1203-1-689x1080.jpg 689w, https:\/\/belfiore-italia.com\/wp-content\/uploads\/2024\/11\/aboutUs-1-768x1203-1-64x100.jpg 64w, https:\/\/belfiore-italia.com\/wp-content\/uploads\/2024\/11\/aboutUs-1-768x1203-1.jpg 768w\" sizes=\"(max-width: 654px) 100vw, 654px\" \/>\t\t\t\t\t\t\t\t\t\t\t\t\t<\/div>\n\t\t\t\t<\/div>\n\t\t\t\t<div class=\"elementor-element elementor-element-ed5f2bf elementor-widget elementor-widget-spacer\" data-id=\"ed5f2bf\" data-element_type=\"widget\" data-widget_type=\"spacer.default\">\n\t\t\t\t<div class=\"elementor-widget-container\">\n\t\t\t\t\t<div class=\"elementor-spacer\">\n\t\t\t<div class=\"elementor-spacer-inner\"><\/div>\n\t\t<\/div>\n\t\t\t\t<\/div>\n\t\t\t\t<\/div>\n\t\t\t\t\t<\/div>\n\t\t<\/div>\n\t\t\t\t\t<\/div>\n\t\t<\/section>\n\t\t\t\t<\/div>\n\t\t","protected":false},"excerpt":{"rendered":"<p>Unser italienischer Traum ist wahr geworden! Wie wir gro\u00dfe und kleine G\u00e4ste, 37 Hochzeiten, viele Workshops und Besuche bei Familie und Freunden genossen haben. Jedes Jahr die Kinder und Enkel im Borgo. Eine Feier! Jetzt ist es an der Zeit, &hellip; <a href=\"https:\/\/belfiore-italia.com\/de\/ueber-ons\/\">Read More<\/a><\/p>\n","protected":false},"author":1,"featured_media":0,"parent":0,"menu_order":0,"comment_status":"closed","ping_status":"closed","template":"","meta":{"footnotes":""},"class_list":["post-3760","page","type-page","status-publish","hentry"],"aioseo_notices":[],"_links":{"self":[{"href":"https:\/\/belfiore-italia.com\/de\/wp-json\/wp\/v2\/pages\/3760","targetHints":{"allow":["GET"]}}],"collection":[{"href":"https:\/\/belfiore-italia.com\/de\/wp-json\/wp\/v2\/pages"}],"about":[{"href":"https:\/\/belfiore-italia.com\/de\/wp-json\/wp\/v2\/types\/page"}],"author":[{"embeddable":true,"href":"https:\/\/belfiore-italia.com\/de\/wp-json\/wp\/v2\/users\/1"}],"replies":[{"embeddable":true,"href":"https:\/\/belfiore-italia.com\/de\/wp-json\/wp\/v2\/comments?post=3760"}],"version-history":[{"count":16,"href":"https:\/\/belfiore-italia.com\/de\/wp-json\/wp\/v2\/pages\/3760\/revisions"}],"predecessor-version":[{"id":6987,"href":"https:\/\/belfiore-italia.com\/de\/wp-json\/wp\/v2\/pages\/3760\/revisions\/6987"}],"wp:attachment":[{"href":"https:\/\/belfiore-italia.com\/de\/wp-json\/wp\/v2\/media?parent=3760"}],"curies":[{"name":"wp","href":"https:\/\/api.w.org\/{rel}","templated":true}]}}