{"id":3767,"date":"2023-04-13T11:13:05","date_gmt":"2023-04-13T09:13:05","guid":{"rendered":"https:\/\/belfiore-italia.com\/aktivitaeten\/"},"modified":"2024-01-22T20:11:30","modified_gmt":"2024-01-22T19:11:30","slug":"aktivitaeten","status":"publish","type":"page","link":"https:\/\/belfiore-italia.com\/de\/aktivitaeten\/","title":{"rendered":"Aktivit\u00e4ten"},"content":{"rendered":"\t\t<div data-elementor-type=\"wp-page\" data-elementor-id=\"3767\" class=\"elementor elementor-3767 elementor-2688\">\n\t\t\t\t\t\t<section class=\"elementor-section elementor-top-section elementor-element elementor-element-5f2e3e3 elementor-section-boxed elementor-section-height-default elementor-section-height-default\" data-id=\"5f2e3e3\" data-element_type=\"section\">\n\t\t\t\t\t\t<div class=\"elementor-container elementor-column-gap-default\">\n\t\t\t\t\t<div class=\"elementor-column elementor-col-100 elementor-top-column elementor-element elementor-element-ceaab12\" data-id=\"ceaab12\" data-element_type=\"column\">\n\t\t\t<div class=\"elementor-widget-wrap elementor-element-populated\">\n\t\t\t\t\t\t<div class=\"elementor-element elementor-element-1b690c3 elementor-widget elementor-widget-spacer\" data-id=\"1b690c3\" data-element_type=\"widget\" data-widget_type=\"spacer.default\">\n\t\t\t\t<div class=\"elementor-widget-container\">\n\t\t\t\t\t<div class=\"elementor-spacer\">\n\t\t\t<div class=\"elementor-spacer-inner\"><\/div>\n\t\t<\/div>\n\t\t\t\t<\/div>\n\t\t\t\t<\/div>\n\t\t\t\t\t<\/div>\n\t\t<\/div>\n\t\t\t\t\t<\/div>\n\t\t<\/section>\n\t\t\t\t<section class=\"elementor-section elementor-top-section elementor-element elementor-element-ce10435 elementor-section-boxed elementor-section-height-default elementor-section-height-default\" data-id=\"ce10435\" data-element_type=\"section\">\n\t\t\t\t\t\t<div class=\"elementor-container elementor-column-gap-default\">\n\t\t\t\t\t<div class=\"elementor-column elementor-col-100 elementor-top-column elementor-element elementor-element-1d35d7b\" data-id=\"1d35d7b\" data-element_type=\"column\">\n\t\t\t<div class=\"elementor-widget-wrap elementor-element-populated\">\n\t\t\t\t\t\t<div class=\"elementor-element elementor-element-d0a42ac elementor-widget elementor-widget-heading\" data-id=\"d0a42ac\" data-element_type=\"widget\" data-widget_type=\"heading.default\">\n\t\t\t\t<div class=\"elementor-widget-container\">\n\t\t\t<h5 class=\"elementor-heading-title elementor-size-default\">Aktivit\u00e4ten<\/h5>\t\t<\/div>\n\t\t\t\t<\/div>\n\t\t\t\t<div class=\"elementor-element elementor-element-72e7920 elementor-widget elementor-widget-text-editor\" data-id=\"72e7920\" data-element_type=\"widget\" data-widget_type=\"text-editor.default\">\n\t\t\t\t<div class=\"elementor-widget-container\">\n\t\t\t\t\t\t\t<p>Borgo Belfiore Agriturismo verf\u00fcgt \u00fcber 13 Ferienh\u00e4user und einen gro\u00dfen Swimmingpool und liegt 30 Minuten vom wundersch\u00f6nen Sandstrand von Senigallia entfernt<\/p><p>Familienurlaub, Wanderurlaub, Familienfeier, Hochzeit, Gesch\u00e4ftstreffen, Konferenz und Schulung; Borgo Belfiore bietet verschiedene M\u00f6glichkeiten. Auf Anfrage nennen wir Ihnen auch die Konditionen f\u00fcr Gruppenreisen. In der Umgebung k\u00f6nnen Sie in einer wundersch\u00f6nen Landschaft spazieren gehen, laufen, Mountainbike fahren, spazieren gehen und (Renn-)Rad fahren und unseren Bouleplatz genie\u00dfen.<\/p>\t\t\t\t\t\t<\/div>\n\t\t\t\t<\/div>\n\t\t\t\t<div class=\"elementor-element elementor-element-79a5b2f elementor-widget elementor-widget-text-editor\" data-id=\"79a5b2f\" data-element_type=\"widget\" data-widget_type=\"text-editor.default\">\n\t\t\t\t<div class=\"elementor-widget-container\">\n\t\t\t\t\t\t\t<p>Klicken Sie auf die Bilder f\u00fcr weitere Informationen<\/p>\t\t\t\t\t\t<\/div>\n\t\t\t\t<\/div>\n\t\t\t\t\t<\/div>\n\t\t<\/div>\n\t\t\t\t\t<\/div>\n\t\t<\/section>\n\t\t\t\t<section class=\"elementor-section elementor-top-section elementor-element elementor-element-7ec9857 elementor-section-boxed elementor-section-height-default elementor-section-height-default\" data-id=\"7ec9857\" data-element_type=\"section\">\n\t\t\t\t\t\t<div class=\"elementor-container elementor-column-gap-default\">\n\t\t\t\t\t<div class=\"elementor-column elementor-col-25 elementor-top-column elementor-element elementor-element-cf8b599\" data-id=\"cf8b599\" data-element_type=\"column\">\n\t\t\t<div class=\"elementor-widget-wrap elementor-element-populated\">\n\t\t\t\t\t\t<div class=\"elementor-element elementor-element-48764f0 elementor-widget elementor-widget-image\" data-id=\"48764f0\" data-element_type=\"widget\" data-widget_type=\"image.default\">\n\t\t\t\t<div class=\"elementor-widget-container\">\n\t\t\t\t\t\t\t\t\t\t\t\t\t\t<a href=\"https:\/\/www.youtube.com\/watch?v=rULSLB7poTI&#038;feature=youtu.be\" target=\"_blank\">\n\t\t\t\t\t\t\t<img fetchpriority=\"high\" decoding=\"async\" width=\"300\" height=\"255\" src=\"https:\/\/belfiore-italia.com\/wp-content\/uploads\/2023\/04\/Screen-Shot-2019-07-23-at-6.49.46-PM-300x255-1.png\" class=\"attachment-medium size-medium wp-image-2692\" alt=\"\" srcset=\"https:\/\/belfiore-italia.com\/wp-content\/uploads\/2023\/04\/Screen-Shot-2019-07-23-at-6.49.46-PM-300x255-1.png 300w, https:\/\/belfiore-italia.com\/wp-content\/uploads\/2023\/04\/Screen-Shot-2019-07-23-at-6.49.46-PM-300x255-1-94x80.png 94w, https:\/\/belfiore-italia.com\/wp-content\/uploads\/2023\/04\/Screen-Shot-2019-07-23-at-6.49.46-PM-300x255-1-118x100.png 118w\" sizes=\"(max-width: 300px) 100vw, 300px\" \/>\t\t\t\t\t\t\t\t<\/a>\n\t\t\t\t\t\t\t\t\t\t\t\t\t<\/div>\n\t\t\t\t<\/div>\n\t\t\t\t\t<\/div>\n\t\t<\/div>\n\t\t\t\t<div class=\"elementor-column elementor-col-25 elementor-top-column elementor-element elementor-element-36a5d6a\" data-id=\"36a5d6a\" data-element_type=\"column\">\n\t\t\t<div class=\"elementor-widget-wrap elementor-element-populated\">\n\t\t\t\t\t\t<div class=\"elementor-element elementor-element-864a6bf elementor-widget elementor-widget-image\" data-id=\"864a6bf\" data-element_type=\"widget\" data-widget_type=\"image.default\">\n\t\t\t\t<div class=\"elementor-widget-container\">\n\t\t\t\t\t\t\t\t\t\t\t\t\t\t<a href=\"https:\/\/www.youtube.com\/watch?v=KxobX_sYiDk&#038;feature=youtu.be\" target=\"_blank\">\n\t\t\t\t\t\t\t<img decoding=\"async\" width=\"300\" height=\"252\" src=\"https:\/\/belfiore-italia.com\/wp-content\/uploads\/2023\/04\/caves-300x252-1.jpg\" class=\"attachment-medium size-medium wp-image-2713\" alt=\"\" srcset=\"https:\/\/belfiore-italia.com\/wp-content\/uploads\/2023\/04\/caves-300x252-1.jpg 300w, https:\/\/belfiore-italia.com\/wp-content\/uploads\/2023\/04\/caves-300x252-1-95x80.jpg 95w, https:\/\/belfiore-italia.com\/wp-content\/uploads\/2023\/04\/caves-300x252-1-119x100.jpg 119w\" sizes=\"(max-width: 300px) 100vw, 300px\" \/>\t\t\t\t\t\t\t\t<\/a>\n\t\t\t\t\t\t\t\t\t\t\t\t\t<\/div>\n\t\t\t\t<\/div>\n\t\t\t\t\t<\/div>\n\t\t<\/div>\n\t\t\t\t<div class=\"elementor-column elementor-col-25 elementor-top-column elementor-element elementor-element-4410eb0\" data-id=\"4410eb0\" data-element_type=\"column\">\n\t\t\t<div class=\"elementor-widget-wrap elementor-element-populated\">\n\t\t\t\t\t\t<div class=\"elementor-element elementor-element-ca8f2d4 elementor-widget elementor-widget-image\" data-id=\"ca8f2d4\" data-element_type=\"widget\" data-widget_type=\"image.default\">\n\t\t\t\t<div class=\"elementor-widget-container\">\n\t\t\t\t\t\t\t\t\t\t\t\t\t\t<a href=\"https:\/\/www.youtube.com\/watch?v=jVutTWhqt3g&#038;feature=youtu.be\" target=\"_blank\">\n\t\t\t\t\t\t\t<img decoding=\"async\" width=\"300\" height=\"253\" src=\"https:\/\/belfiore-italia.com\/wp-content\/uploads\/2023\/04\/Screen-Shot-2019-07-23-at-6.50.24-PM-300x253-1.png\" class=\"attachment-medium size-medium wp-image-2710\" alt=\"\" srcset=\"https:\/\/belfiore-italia.com\/wp-content\/uploads\/2023\/04\/Screen-Shot-2019-07-23-at-6.50.24-PM-300x253-1.png 300w, https:\/\/belfiore-italia.com\/wp-content\/uploads\/2023\/04\/Screen-Shot-2019-07-23-at-6.50.24-PM-300x253-1-95x80.png 95w, https:\/\/belfiore-italia.com\/wp-content\/uploads\/2023\/04\/Screen-Shot-2019-07-23-at-6.50.24-PM-300x253-1-119x100.png 119w\" sizes=\"(max-width: 300px) 100vw, 300px\" \/>\t\t\t\t\t\t\t\t<\/a>\n\t\t\t\t\t\t\t\t\t\t\t\t\t<\/div>\n\t\t\t\t<\/div>\n\t\t\t\t\t<\/div>\n\t\t<\/div>\n\t\t\t\t<div class=\"elementor-column elementor-col-25 elementor-top-column elementor-element elementor-element-c973045\" data-id=\"c973045\" data-element_type=\"column\">\n\t\t\t<div class=\"elementor-widget-wrap elementor-element-populated\">\n\t\t\t\t\t\t<div class=\"elementor-element elementor-element-d46f3d8 elementor-widget elementor-widget-image\" data-id=\"d46f3d8\" data-element_type=\"widget\" data-widget_type=\"image.default\">\n\t\t\t\t<div class=\"elementor-widget-container\">\n\t\t\t\t\t\t\t\t\t\t\t\t\t\t<a href=\"https:\/\/www.youtube.com\/watch?v=36BVgwuh5CM&#038;feature=youtu.be\" target=\"_blank\">\n\t\t\t\t\t\t\t<img loading=\"lazy\" decoding=\"async\" width=\"300\" height=\"254\" src=\"https:\/\/belfiore-italia.com\/wp-content\/uploads\/2023\/04\/Screen-Shot-2019-07-23-at-6.50.32-PM-300x254-1.png\" class=\"attachment-medium size-medium wp-image-2707\" alt=\"\" srcset=\"https:\/\/belfiore-italia.com\/wp-content\/uploads\/2023\/04\/Screen-Shot-2019-07-23-at-6.50.32-PM-300x254-1.png 300w, https:\/\/belfiore-italia.com\/wp-content\/uploads\/2023\/04\/Screen-Shot-2019-07-23-at-6.50.32-PM-300x254-1-94x80.png 94w, https:\/\/belfiore-italia.com\/wp-content\/uploads\/2023\/04\/Screen-Shot-2019-07-23-at-6.50.32-PM-300x254-1-118x100.png 118w\" sizes=\"(max-width: 300px) 100vw, 300px\" \/>\t\t\t\t\t\t\t\t<\/a>\n\t\t\t\t\t\t\t\t\t\t\t\t\t<\/div>\n\t\t\t\t<\/div>\n\t\t\t\t\t<\/div>\n\t\t<\/div>\n\t\t\t\t\t<\/div>\n\t\t<\/section>\n\t\t\t\t<section class=\"elementor-section elementor-top-section elementor-element elementor-element-46f6aef elementor-section-boxed elementor-section-height-default elementor-section-height-default\" data-id=\"46f6aef\" data-element_type=\"section\">\n\t\t\t\t\t\t<div class=\"elementor-container elementor-column-gap-default\">\n\t\t\t\t\t<div class=\"elementor-column elementor-col-25 elementor-top-column elementor-element elementor-element-3b216c8\" data-id=\"3b216c8\" data-element_type=\"column\">\n\t\t\t<div class=\"elementor-widget-wrap elementor-element-populated\">\n\t\t\t\t\t\t<div class=\"elementor-element elementor-element-aeff0af elementor-widget elementor-widget-image\" data-id=\"aeff0af\" data-element_type=\"widget\" data-widget_type=\"image.default\">\n\t\t\t\t<div class=\"elementor-widget-container\">\n\t\t\t\t\t\t\t\t\t\t\t\t\t\t<a href=\"https:\/\/youtu.be\/A_tD3OsqpWI\" target=\"_blank\">\n\t\t\t\t\t\t\t<img loading=\"lazy\" decoding=\"async\" width=\"300\" height=\"256\" src=\"https:\/\/belfiore-italia.com\/wp-content\/uploads\/2023\/04\/Screen-Shot-2019-07-23-at-6.50.48-PM-300x256-1.png\" class=\"attachment-medium size-medium wp-image-2704\" alt=\"\" srcset=\"https:\/\/belfiore-italia.com\/wp-content\/uploads\/2023\/04\/Screen-Shot-2019-07-23-at-6.50.48-PM-300x256-1.png 300w, https:\/\/belfiore-italia.com\/wp-content\/uploads\/2023\/04\/Screen-Shot-2019-07-23-at-6.50.48-PM-300x256-1-94x80.png 94w, https:\/\/belfiore-italia.com\/wp-content\/uploads\/2023\/04\/Screen-Shot-2019-07-23-at-6.50.48-PM-300x256-1-117x100.png 117w\" sizes=\"(max-width: 300px) 100vw, 300px\" \/>\t\t\t\t\t\t\t\t<\/a>\n\t\t\t\t\t\t\t\t\t\t\t\t\t<\/div>\n\t\t\t\t<\/div>\n\t\t\t\t\t<\/div>\n\t\t<\/div>\n\t\t\t\t<div class=\"elementor-column elementor-col-25 elementor-top-column elementor-element elementor-element-0a9f7ee\" data-id=\"0a9f7ee\" data-element_type=\"column\">\n\t\t\t<div class=\"elementor-widget-wrap elementor-element-populated\">\n\t\t\t\t\t\t<div class=\"elementor-element elementor-element-349b2b8 elementor-widget elementor-widget-image\" data-id=\"349b2b8\" data-element_type=\"widget\" data-widget_type=\"image.default\">\n\t\t\t\t<div class=\"elementor-widget-container\">\n\t\t\t\t\t\t\t\t\t\t\t\t\t\t<a href=\"https:\/\/youtu.be\/2DvvtlrMglQ\" target=\"_blank\">\n\t\t\t\t\t\t\t<img loading=\"lazy\" decoding=\"async\" width=\"300\" height=\"256\" src=\"https:\/\/belfiore-italia.com\/wp-content\/uploads\/2023\/04\/Screen-Shot-2019-07-23-at-6.49.56-PM-300x256-1.png\" class=\"attachment-medium size-medium wp-image-2701\" alt=\"\" srcset=\"https:\/\/belfiore-italia.com\/wp-content\/uploads\/2023\/04\/Screen-Shot-2019-07-23-at-6.49.56-PM-300x256-1.png 300w, https:\/\/belfiore-italia.com\/wp-content\/uploads\/2023\/04\/Screen-Shot-2019-07-23-at-6.49.56-PM-300x256-1-94x80.png 94w, https:\/\/belfiore-italia.com\/wp-content\/uploads\/2023\/04\/Screen-Shot-2019-07-23-at-6.49.56-PM-300x256-1-117x100.png 117w\" sizes=\"(max-width: 300px) 100vw, 300px\" \/>\t\t\t\t\t\t\t\t<\/a>\n\t\t\t\t\t\t\t\t\t\t\t\t\t<\/div>\n\t\t\t\t<\/div>\n\t\t\t\t\t<\/div>\n\t\t<\/div>\n\t\t\t\t<div class=\"elementor-column elementor-col-25 elementor-top-column elementor-element elementor-element-d1ae79c\" data-id=\"d1ae79c\" data-element_type=\"column\">\n\t\t\t<div class=\"elementor-widget-wrap elementor-element-populated\">\n\t\t\t\t\t\t<div class=\"elementor-element elementor-element-c4a2813 elementor-widget elementor-widget-image\" data-id=\"c4a2813\" data-element_type=\"widget\" data-widget_type=\"image.default\">\n\t\t\t\t<div class=\"elementor-widget-container\">\n\t\t\t\t\t\t\t\t\t\t\t\t\t\t<a href=\"https:\/\/youtu.be\/tYTR3qC1lPM\" target=\"_blank\">\n\t\t\t\t\t\t\t<img loading=\"lazy\" decoding=\"async\" width=\"300\" height=\"255\" src=\"https:\/\/belfiore-italia.com\/wp-content\/uploads\/2023\/04\/Screen-Shot-2019-07-23-at-6.50.40-PM-300x255-1.png\" class=\"attachment-medium size-medium wp-image-2695\" alt=\"\" srcset=\"https:\/\/belfiore-italia.com\/wp-content\/uploads\/2023\/04\/Screen-Shot-2019-07-23-at-6.50.40-PM-300x255-1.png 300w, https:\/\/belfiore-italia.com\/wp-content\/uploads\/2023\/04\/Screen-Shot-2019-07-23-at-6.50.40-PM-300x255-1-94x80.png 94w, https:\/\/belfiore-italia.com\/wp-content\/uploads\/2023\/04\/Screen-Shot-2019-07-23-at-6.50.40-PM-300x255-1-118x100.png 118w\" sizes=\"(max-width: 300px) 100vw, 300px\" \/>\t\t\t\t\t\t\t\t<\/a>\n\t\t\t\t\t\t\t\t\t\t\t\t\t<\/div>\n\t\t\t\t<\/div>\n\t\t\t\t\t<\/div>\n\t\t<\/div>\n\t\t\t\t<div class=\"elementor-column elementor-col-25 elementor-top-column elementor-element elementor-element-c8ff742\" data-id=\"c8ff742\" data-element_type=\"column\">\n\t\t\t<div class=\"elementor-widget-wrap elementor-element-populated\">\n\t\t\t\t\t\t<div class=\"elementor-element elementor-element-bf0e62a elementor-widget elementor-widget-image\" data-id=\"bf0e62a\" data-element_type=\"widget\" data-widget_type=\"image.default\">\n\t\t\t\t<div class=\"elementor-widget-container\">\n\t\t\t\t\t\t\t\t\t\t\t\t\t\t<a href=\"http:\/\/www.outletnellemarche.it\/\" target=\"_blank\">\n\t\t\t\t\t\t\t<img loading=\"lazy\" decoding=\"async\" width=\"300\" height=\"254\" src=\"https:\/\/belfiore-italia.com\/wp-content\/uploads\/2023\/04\/Screen-Shot-2019-07-23-at-6.50.07-PM-300x254-1.png\" class=\"attachment-medium size-medium wp-image-2698\" alt=\"\" srcset=\"https:\/\/belfiore-italia.com\/wp-content\/uploads\/2023\/04\/Screen-Shot-2019-07-23-at-6.50.07-PM-300x254-1.png 300w, https:\/\/belfiore-italia.com\/wp-content\/uploads\/2023\/04\/Screen-Shot-2019-07-23-at-6.50.07-PM-300x254-1-94x80.png 94w, https:\/\/belfiore-italia.com\/wp-content\/uploads\/2023\/04\/Screen-Shot-2019-07-23-at-6.50.07-PM-300x254-1-118x100.png 118w\" sizes=\"(max-width: 300px) 100vw, 300px\" \/>\t\t\t\t\t\t\t\t<\/a>\n\t\t\t\t\t\t\t\t\t\t\t\t\t<\/div>\n\t\t\t\t<\/div>\n\t\t\t\t\t<\/div>\n\t\t<\/div>\n\t\t\t\t\t<\/div>\n\t\t<\/section>\n\t\t\t\t<section class=\"elementor-section elementor-top-section elementor-element elementor-element-1ef67c4 elementor-section-boxed elementor-section-height-default elementor-section-height-default\" data-id=\"1ef67c4\" data-element_type=\"section\">\n\t\t\t\t\t\t<div class=\"elementor-container elementor-column-gap-default\">\n\t\t\t\t\t<div class=\"elementor-column elementor-col-100 elementor-top-column elementor-element elementor-element-c87c420\" data-id=\"c87c420\" data-element_type=\"column\">\n\t\t\t<div class=\"elementor-widget-wrap elementor-element-populated\">\n\t\t\t\t\t\t<div class=\"elementor-element elementor-element-fdfff78 elementor-widget elementor-widget-spacer\" data-id=\"fdfff78\" data-element_type=\"widget\" data-widget_type=\"spacer.default\">\n\t\t\t\t<div class=\"elementor-widget-container\">\n\t\t\t\t\t<div class=\"elementor-spacer\">\n\t\t\t<div class=\"elementor-spacer-inner\"><\/div>\n\t\t<\/div>\n\t\t\t\t<\/div>\n\t\t\t\t<\/div>\n\t\t\t\t\t<\/div>\n\t\t<\/div>\n\t\t\t\t\t<\/div>\n\t\t<\/section>\n\t\t\t\t<\/div>\n\t\t","protected":false},"excerpt":{"rendered":"<p>Aktivit\u00e4ten Borgo Belfiore Agriturismo verf\u00fcgt \u00fcber 13 Ferienh\u00e4user und einen gro\u00dfen Swimmingpool und liegt 30 Minuten vom wundersch\u00f6nen Sandstrand von Senigallia entfernt Familienurlaub, Wanderurlaub, Familienfeier, Hochzeit, Gesch\u00e4ftstreffen, Konferenz und Schulung; Borgo Belfiore bietet verschiedene M\u00f6glichkeiten. Auf Anfrage nennen wir Ihnen &hellip; <a href=\"https:\/\/belfiore-italia.com\/de\/aktivitaeten\/\">Read More<\/a><\/p>\n","protected":false},"author":1,"featured_media":0,"parent":0,"menu_order":0,"comment_status":"closed","ping_status":"closed","template":"","meta":{"footnotes":""},"class_list":["post-3767","page","type-page","status-publish","hentry"],"aioseo_notices":[],"_links":{"self":[{"href":"https:\/\/belfiore-italia.com\/de\/wp-json\/wp\/v2\/pages\/3767","targetHints":{"allow":["GET"]}}],"collection":[{"href":"https:\/\/belfiore-italia.com\/de\/wp-json\/wp\/v2\/pages"}],"about":[{"href":"https:\/\/belfiore-italia.com\/de\/wp-json\/wp\/v2\/types\/page"}],"author":[{"embeddable":true,"href":"https:\/\/belfiore-italia.com\/de\/wp-json\/wp\/v2\/users\/1"}],"replies":[{"embeddable":true,"href":"https:\/\/belfiore-italia.com\/de\/wp-json\/wp\/v2\/comments?post=3767"}],"version-history":[{"count":13,"href":"https:\/\/belfiore-italia.com\/de\/wp-json\/wp\/v2\/pages\/3767\/revisions"}],"predecessor-version":[{"id":5631,"href":"https:\/\/belfiore-italia.com\/de\/wp-json\/wp\/v2\/pages\/3767\/revisions\/5631"}],"wp:attachment":[{"href":"https:\/\/belfiore-italia.com\/de\/wp-json\/wp\/v2\/media?parent=3767"}],"curies":[{"name":"wp","href":"https:\/\/api.w.org\/{rel}","templated":true}]}}