{"id":3790,"date":"2023-04-13T10:48:37","date_gmt":"2023-04-13T08:48:37","guid":{"rendered":"https:\/\/belfiore-italia.com\/kultur-und-natur\/"},"modified":"2025-01-15T16:48:26","modified_gmt":"2025-01-15T15:48:26","slug":"kultur-und-natur","status":"publish","type":"page","link":"https:\/\/belfiore-italia.com\/de\/kultur-und-natur\/","title":{"rendered":"Kultur und Natur"},"content":{"rendered":"\t\t<div data-elementor-type=\"wp-page\" data-elementor-id=\"3790\" class=\"elementor elementor-3790 elementor-2652\">\n\t\t\t\t\t\t<section class=\"elementor-section elementor-top-section elementor-element elementor-element-a3c3cbf elementor-section-boxed elementor-section-height-default elementor-section-height-default\" data-id=\"a3c3cbf\" data-element_type=\"section\">\n\t\t\t\t\t\t<div class=\"elementor-container elementor-column-gap-default\">\n\t\t\t\t\t<div class=\"elementor-column elementor-col-100 elementor-top-column elementor-element elementor-element-d531792\" data-id=\"d531792\" data-element_type=\"column\">\n\t\t\t<div class=\"elementor-widget-wrap elementor-element-populated\">\n\t\t\t\t\t\t<div class=\"elementor-element elementor-element-4b15818 elementor-widget elementor-widget-spacer\" data-id=\"4b15818\" data-element_type=\"widget\" data-widget_type=\"spacer.default\">\n\t\t\t\t<div class=\"elementor-widget-container\">\n\t\t\t\t\t<div class=\"elementor-spacer\">\n\t\t\t<div class=\"elementor-spacer-inner\"><\/div>\n\t\t<\/div>\n\t\t\t\t<\/div>\n\t\t\t\t<\/div>\n\t\t\t\t\t<\/div>\n\t\t<\/div>\n\t\t\t\t\t<\/div>\n\t\t<\/section>\n\t\t\t\t<section class=\"elementor-section elementor-top-section elementor-element elementor-element-d6b86c5 elementor-section-boxed elementor-section-height-default elementor-section-height-default\" data-id=\"d6b86c5\" data-element_type=\"section\">\n\t\t\t\t\t\t<div class=\"elementor-container elementor-column-gap-default\">\n\t\t\t\t\t<div class=\"elementor-column elementor-col-50 elementor-top-column elementor-element elementor-element-d182c6f\" data-id=\"d182c6f\" data-element_type=\"column\">\n\t\t\t<div class=\"elementor-widget-wrap elementor-element-populated\">\n\t\t\t\t\t\t<div class=\"elementor-element elementor-element-7e6d314 elementor-widget elementor-widget-spacer\" data-id=\"7e6d314\" data-element_type=\"widget\" data-widget_type=\"spacer.default\">\n\t\t\t\t<div class=\"elementor-widget-container\">\n\t\t\t\t\t<div class=\"elementor-spacer\">\n\t\t\t<div class=\"elementor-spacer-inner\"><\/div>\n\t\t<\/div>\n\t\t\t\t<\/div>\n\t\t\t\t<\/div>\n\t\t\t\t<div class=\"elementor-element elementor-element-ce1d3cb elementor-widget elementor-widget-text-editor\" data-id=\"ce1d3cb\" data-element_type=\"widget\" data-widget_type=\"text-editor.default\">\n\t\t\t\t<div class=\"elementor-widget-container\">\n\t\t\t\t\t\t\t<p>In Belfiore k\u00f6nnen Sie sich in Ruhe und Harmonie mit der Natur entspannen. Und wenn Sie Sie Lust versp\u00fcren, Italien mit seiner Vielfalt an Geschichte, Kunst, Architektur und Kultur kennenzulernen, dann bietet die Umgebung zahlreiche M\u00f6glichkeiten.<\/p>\n<p>Sie k\u00f6nnen die malerischen D\u00f6rfchen Palazzo und Piticchio erwandern, die wie Montefortino zur Gemeinde Arcevia geh\u00f6ren. In Montefortino gibt es ein   <\/p>\n\t\t\t\t\t\t<\/div>\n\t\t\t\t<\/div>\n\t\t\t\t\t<\/div>\n\t\t<\/div>\n\t\t\t\t<div class=\"elementor-column elementor-col-50 elementor-top-column elementor-element elementor-element-b0e9c8e\" data-id=\"b0e9c8e\" data-element_type=\"column\">\n\t\t\t<div class=\"elementor-widget-wrap elementor-element-populated\">\n\t\t\t\t\t\t<div class=\"elementor-element elementor-element-52ea422 elementor-widget elementor-widget-spacer\" data-id=\"52ea422\" data-element_type=\"widget\" data-widget_type=\"spacer.default\">\n\t\t\t\t<div class=\"elementor-widget-container\">\n\t\t\t\t\t<div class=\"elementor-spacer\">\n\t\t\t<div class=\"elementor-spacer-inner\"><\/div>\n\t\t<\/div>\n\t\t\t\t<\/div>\n\t\t\t\t<\/div>\n\t\t\t\t<div class=\"elementor-element elementor-element-f1f4c49 elementor-widget elementor-widget-video\" data-id=\"f1f4c49\" data-element_type=\"widget\" data-settings=\"{&quot;youtube_url&quot;:&quot;https:\\\/\\\/youtu.be\\\/mgK2GYEVk4c&quot;,&quot;video_type&quot;:&quot;youtube&quot;,&quot;controls&quot;:&quot;yes&quot;}\" data-widget_type=\"video.default\">\n\t\t\t\t<div class=\"elementor-widget-container\">\n\t\t\t\t\t<div class=\"elementor-wrapper elementor-open-inline\">\n\t\t\t<div class=\"elementor-video\"><\/div>\t\t<\/div>\n\t\t\t\t<\/div>\n\t\t\t\t<\/div>\n\t\t\t\t\t<\/div>\n\t\t<\/div>\n\t\t\t\t\t<\/div>\n\t\t<\/section>\n\t\t\t\t<section class=\"elementor-section elementor-top-section elementor-element elementor-element-0ed0b96 elementor-section-boxed elementor-section-height-default elementor-section-height-default\" data-id=\"0ed0b96\" data-element_type=\"section\">\n\t\t\t\t\t\t<div class=\"elementor-container elementor-column-gap-default\">\n\t\t\t\t\t<div class=\"elementor-column elementor-col-100 elementor-top-column elementor-element elementor-element-846d3cf\" data-id=\"846d3cf\" data-element_type=\"column\">\n\t\t\t<div class=\"elementor-widget-wrap elementor-element-populated\">\n\t\t\t\t\t\t<div class=\"elementor-element elementor-element-809d808 elementor-widget elementor-widget-text-editor\" data-id=\"809d808\" data-element_type=\"widget\" data-widget_type=\"text-editor.default\">\n\t\t\t\t<div class=\"elementor-widget-container\">\n\t\t\t\t\t\t\t<p>Lebensmittelgesch\u00e4ft mit einer Bar f\u00fcr die t\u00e4glichen Eink\u00e4ufe und den t\u00e4glichen Espresso oder ein leckeres Eis zur Abk\u00fchlung.Die Kleinstadt Arcevia (6000 Einwohner) auf 553m H\u00f6he liegt 6 km von Montefortino entfernt. Hier gibt es Gesch\u00e4fte, Superm\u00e4rkte und Restaurants f\u00fcr jeden Geschmack.<\/p>\n<p>Ein historischer Marktplatz l\u00e4dt zu einem gem\u00fctlichen Cappuccino ein. Bei einem Spaziergang durch die engen, schattigen Gassen des mittelalterlichen Stadtkerns dr\u00e4ngt sich die Frage auf, wie es wohl gewesen w\u00e4re, hier einige Jahrhunderte fr\u00fcher gelebt zu haben. Einige bedeutende Kunstwerke der Renaissance in den Kirchen und Kl\u00f6stern der Stadt weisen auf die einstige Bedeutung hin. Ein Kleinod ist das historische Theater. Jazzkonzerte und Feste f\u00fcllen vor allem in der Sommersaison den Ort mit Leben. Die Adriak\u00fcste und romantische St\u00e4dte wie Cagli, Pergola, Sassoferrato sind innerhalb von 30 Autominuten erreichbar. Gr\u00f6\u00dfere St\u00e4dte wie Pesaro (Rossini Festival), Fano (Strand, Shopping und gute Fischrestaurants), Senigallia, Jesi (Verdicchio Wein) und Ancona sind innerhalb von 40 Autominuten erreichbar. Nicht zu vergessen die Tropfsteinh\u00f6hlen von Frassassi. Auch Gubbio, Cortona, Perugia und Assisi sind nur 1,5 Std entfernt.     <\/p>\n\t\t\t\t\t\t<\/div>\n\t\t\t\t<\/div>\n\t\t\t\t\t<\/div>\n\t\t<\/div>\n\t\t\t\t\t<\/div>\n\t\t<\/section>\n\t\t\t\t<section class=\"elementor-section elementor-top-section elementor-element elementor-element-ffa90dd elementor-section-boxed elementor-section-height-default elementor-section-height-default\" data-id=\"ffa90dd\" data-element_type=\"section\">\n\t\t\t\t\t\t<div class=\"elementor-container elementor-column-gap-default\">\n\t\t\t\t\t<div class=\"elementor-column elementor-col-20 elementor-top-column elementor-element elementor-element-97784b3\" data-id=\"97784b3\" data-element_type=\"column\">\n\t\t\t<div class=\"elementor-widget-wrap elementor-element-populated\">\n\t\t\t\t\t\t<div class=\"elementor-element elementor-element-4ae1c01 elementor-widget elementor-widget-image\" data-id=\"4ae1c01\" data-element_type=\"widget\" data-widget_type=\"image.default\">\n\t\t\t\t<div class=\"elementor-widget-container\">\n\t\t\t\t\t\t\t\t\t\t\t\t\t<img decoding=\"async\" width=\"150\" height=\"150\" src=\"https:\/\/belfiore-italia.com\/wp-content\/uploads\/2023\/04\/urbinoEdited-150x150-1.jpg\" class=\"attachment-thumbnail size-thumbnail wp-image-2671\" alt=\"\" srcset=\"https:\/\/belfiore-italia.com\/wp-content\/uploads\/2023\/04\/urbinoEdited-150x150-1.jpg 150w, https:\/\/belfiore-italia.com\/wp-content\/uploads\/2023\/04\/urbinoEdited-150x150-1-80x80.jpg 80w, https:\/\/belfiore-italia.com\/wp-content\/uploads\/2023\/04\/urbinoEdited-150x150-1-100x100.jpg 100w\" sizes=\"(max-width: 150px) 100vw, 150px\" \/>\t\t\t\t\t\t\t\t\t\t\t\t\t<\/div>\n\t\t\t\t<\/div>\n\t\t\t\t\t<\/div>\n\t\t<\/div>\n\t\t\t\t<div class=\"elementor-column elementor-col-20 elementor-top-column elementor-element elementor-element-f666b94\" data-id=\"f666b94\" data-element_type=\"column\">\n\t\t\t<div class=\"elementor-widget-wrap elementor-element-populated\">\n\t\t\t\t\t\t<div class=\"elementor-element elementor-element-8342464 elementor-widget elementor-widget-image\" data-id=\"8342464\" data-element_type=\"widget\" data-widget_type=\"image.default\">\n\t\t\t\t<div class=\"elementor-widget-container\">\n\t\t\t\t\t\t\t\t\t\t\t\t\t<img decoding=\"async\" width=\"150\" height=\"150\" src=\"https:\/\/belfiore-italia.com\/wp-content\/uploads\/2023\/04\/Ophrys_apiferaEdited-150x150-1.jpg\" class=\"attachment-thumbnail size-thumbnail wp-image-2668\" alt=\"\" srcset=\"https:\/\/belfiore-italia.com\/wp-content\/uploads\/2023\/04\/Ophrys_apiferaEdited-150x150-1.jpg 150w, https:\/\/belfiore-italia.com\/wp-content\/uploads\/2023\/04\/Ophrys_apiferaEdited-150x150-1-80x80.jpg 80w, https:\/\/belfiore-italia.com\/wp-content\/uploads\/2023\/04\/Ophrys_apiferaEdited-150x150-1-100x100.jpg 100w\" sizes=\"(max-width: 150px) 100vw, 150px\" \/>\t\t\t\t\t\t\t\t\t\t\t\t\t<\/div>\n\t\t\t\t<\/div>\n\t\t\t\t\t<\/div>\n\t\t<\/div>\n\t\t\t\t<div class=\"elementor-column elementor-col-20 elementor-top-column elementor-element elementor-element-22f3864\" data-id=\"22f3864\" data-element_type=\"column\">\n\t\t\t<div class=\"elementor-widget-wrap elementor-element-populated\">\n\t\t\t\t\t\t<div class=\"elementor-element elementor-element-1b6a888 elementor-widget elementor-widget-image\" data-id=\"1b6a888\" data-element_type=\"widget\" data-widget_type=\"image.default\">\n\t\t\t\t<div class=\"elementor-widget-container\">\n\t\t\t\t\t\t\t\t\t\t\t\t\t<img decoding=\"async\" width=\"150\" height=\"150\" src=\"https:\/\/belfiore-italia.com\/wp-content\/uploads\/2023\/04\/birdsBelfioreEdited-150x150-1.jpg\" class=\"attachment-thumbnail size-thumbnail wp-image-2665\" alt=\"\" srcset=\"https:\/\/belfiore-italia.com\/wp-content\/uploads\/2023\/04\/birdsBelfioreEdited-150x150-1.jpg 150w, https:\/\/belfiore-italia.com\/wp-content\/uploads\/2023\/04\/birdsBelfioreEdited-150x150-1-80x80.jpg 80w, https:\/\/belfiore-italia.com\/wp-content\/uploads\/2023\/04\/birdsBelfioreEdited-150x150-1-100x100.jpg 100w\" sizes=\"(max-width: 150px) 100vw, 150px\" \/>\t\t\t\t\t\t\t\t\t\t\t\t\t<\/div>\n\t\t\t\t<\/div>\n\t\t\t\t\t<\/div>\n\t\t<\/div>\n\t\t\t\t<div class=\"elementor-column elementor-col-20 elementor-top-column elementor-element elementor-element-1d2296f\" data-id=\"1d2296f\" data-element_type=\"column\">\n\t\t\t<div class=\"elementor-widget-wrap elementor-element-populated\">\n\t\t\t\t\t\t<div class=\"elementor-element elementor-element-589bfc0 elementor-widget elementor-widget-image\" data-id=\"589bfc0\" data-element_type=\"widget\" data-widget_type=\"image.default\">\n\t\t\t\t<div class=\"elementor-widget-container\">\n\t\t\t\t\t\t\t\t\t\t\t\t\t<img loading=\"lazy\" decoding=\"async\" width=\"150\" height=\"150\" src=\"https:\/\/belfiore-italia.com\/wp-content\/uploads\/2023\/04\/Senigallia-primavera-2010-01-Rotonda-sera-150x150-1.jpg\" class=\"attachment-thumbnail size-thumbnail wp-image-2662\" alt=\"\" srcset=\"https:\/\/belfiore-italia.com\/wp-content\/uploads\/2023\/04\/Senigallia-primavera-2010-01-Rotonda-sera-150x150-1.jpg 150w, https:\/\/belfiore-italia.com\/wp-content\/uploads\/2023\/04\/Senigallia-primavera-2010-01-Rotonda-sera-150x150-1-80x80.jpg 80w, https:\/\/belfiore-italia.com\/wp-content\/uploads\/2023\/04\/Senigallia-primavera-2010-01-Rotonda-sera-150x150-1-100x100.jpg 100w\" sizes=\"(max-width: 150px) 100vw, 150px\" \/>\t\t\t\t\t\t\t\t\t\t\t\t\t<\/div>\n\t\t\t\t<\/div>\n\t\t\t\t\t<\/div>\n\t\t<\/div>\n\t\t\t\t<div class=\"elementor-column elementor-col-20 elementor-top-column elementor-element elementor-element-42b4307\" data-id=\"42b4307\" data-element_type=\"column\">\n\t\t\t<div class=\"elementor-widget-wrap elementor-element-populated\">\n\t\t\t\t\t\t<div class=\"elementor-element elementor-element-6ce9ce3 elementor-widget elementor-widget-image\" data-id=\"6ce9ce3\" data-element_type=\"widget\" data-widget_type=\"image.default\">\n\t\t\t\t<div class=\"elementor-widget-container\">\n\t\t\t\t\t\t\t\t\t\t\t\t\t<img loading=\"lazy\" decoding=\"async\" width=\"150\" height=\"150\" src=\"https:\/\/belfiore-italia.com\/wp-content\/uploads\/2023\/04\/floweredWalk-150x150-1.jpg\" class=\"attachment-thumbnail size-thumbnail wp-image-2659\" alt=\"\" srcset=\"https:\/\/belfiore-italia.com\/wp-content\/uploads\/2023\/04\/floweredWalk-150x150-1.jpg 150w, https:\/\/belfiore-italia.com\/wp-content\/uploads\/2023\/04\/floweredWalk-150x150-1-80x80.jpg 80w, https:\/\/belfiore-italia.com\/wp-content\/uploads\/2023\/04\/floweredWalk-150x150-1-100x100.jpg 100w\" sizes=\"(max-width: 150px) 100vw, 150px\" \/>\t\t\t\t\t\t\t\t\t\t\t\t\t<\/div>\n\t\t\t\t<\/div>\n\t\t\t\t\t<\/div>\n\t\t<\/div>\n\t\t\t\t\t<\/div>\n\t\t<\/section>\n\t\t\t\t<\/div>\n\t\t","protected":false},"excerpt":{"rendered":"<p>In Belfiore k\u00f6nnen Sie sich in Ruhe und Harmonie mit der Natur entspannen. Und wenn Sie Sie Lust versp\u00fcren, Italien mit seiner Vielfalt an Geschichte, Kunst, Architektur und Kultur kennenzulernen, dann bietet die Umgebung zahlreiche M\u00f6glichkeiten. Sie k\u00f6nnen die malerischen &hellip; <a href=\"https:\/\/belfiore-italia.com\/de\/kultur-und-natur\/\">Read More<\/a><\/p>\n","protected":false},"author":1,"featured_media":0,"parent":0,"menu_order":0,"comment_status":"closed","ping_status":"closed","template":"","meta":{"footnotes":""},"class_list":["post-3790","page","type-page","status-publish","hentry"],"aioseo_notices":[],"_links":{"self":[{"href":"https:\/\/belfiore-italia.com\/de\/wp-json\/wp\/v2\/pages\/3790","targetHints":{"allow":["GET"]}}],"collection":[{"href":"https:\/\/belfiore-italia.com\/de\/wp-json\/wp\/v2\/pages"}],"about":[{"href":"https:\/\/belfiore-italia.com\/de\/wp-json\/wp\/v2\/types\/page"}],"author":[{"embeddable":true,"href":"https:\/\/belfiore-italia.com\/de\/wp-json\/wp\/v2\/users\/1"}],"replies":[{"embeddable":true,"href":"https:\/\/belfiore-italia.com\/de\/wp-json\/wp\/v2\/comments?post=3790"}],"version-history":[{"count":20,"href":"https:\/\/belfiore-italia.com\/de\/wp-json\/wp\/v2\/pages\/3790\/revisions"}],"predecessor-version":[{"id":7231,"href":"https:\/\/belfiore-italia.com\/de\/wp-json\/wp\/v2\/pages\/3790\/revisions\/7231"}],"wp:attachment":[{"href":"https:\/\/belfiore-italia.com\/de\/wp-json\/wp\/v2\/media?parent=3790"}],"curies":[{"name":"wp","href":"https:\/\/api.w.org\/{rel}","templated":true}]}}