{"id":3793,"date":"2023-04-13T10:32:47","date_gmt":"2023-04-13T08:32:47","guid":{"rendered":"https:\/\/belfiore-italia.com\/geniessen-rezept\/"},"modified":"2024-09-30T10:48:05","modified_gmt":"2024-09-30T08:48:05","slug":"geniessen-rezept","status":"publish","type":"page","link":"https:\/\/belfiore-italia.com\/de\/geniessen-rezept\/","title":{"rendered":"GENIESSEN \/ REZEPT"},"content":{"rendered":"\t\t<div data-elementor-type=\"wp-page\" data-elementor-id=\"3793\" class=\"elementor elementor-3793 elementor-2615\">\n\t\t\t\t\t\t<section class=\"elementor-section elementor-top-section elementor-element elementor-element-edd81ea elementor-section-boxed elementor-section-height-default elementor-section-height-default\" data-id=\"edd81ea\" data-element_type=\"section\">\n\t\t\t\t\t\t<div class=\"elementor-container elementor-column-gap-default\">\n\t\t\t\t\t<div class=\"elementor-column elementor-col-100 elementor-top-column elementor-element elementor-element-0df24d8\" data-id=\"0df24d8\" data-element_type=\"column\">\n\t\t\t<div class=\"elementor-widget-wrap elementor-element-populated\">\n\t\t\t\t\t\t<div class=\"elementor-element elementor-element-161df9a elementor-widget elementor-widget-spacer\" data-id=\"161df9a\" data-element_type=\"widget\" data-widget_type=\"spacer.default\">\n\t\t\t\t<div class=\"elementor-widget-container\">\n\t\t\t\t\t<div class=\"elementor-spacer\">\n\t\t\t<div class=\"elementor-spacer-inner\"><\/div>\n\t\t<\/div>\n\t\t\t\t<\/div>\n\t\t\t\t<\/div>\n\t\t\t\t\t<\/div>\n\t\t<\/div>\n\t\t\t\t\t<\/div>\n\t\t<\/section>\n\t\t\t\t<section class=\"elementor-section elementor-top-section elementor-element elementor-element-10c006b elementor-section-boxed elementor-section-height-default elementor-section-height-default\" data-id=\"10c006b\" data-element_type=\"section\">\n\t\t\t\t\t\t<div class=\"elementor-container elementor-column-gap-default\">\n\t\t\t\t\t<div class=\"elementor-column elementor-col-100 elementor-top-column elementor-element elementor-element-3924eeb\" data-id=\"3924eeb\" data-element_type=\"column\">\n\t\t\t<div class=\"elementor-widget-wrap elementor-element-populated\">\n\t\t\t\t\t\t<div class=\"elementor-element elementor-element-9efe286 elementor-widget elementor-widget-image\" data-id=\"9efe286\" data-element_type=\"widget\" data-widget_type=\"image.default\">\n\t\t\t\t<div class=\"elementor-widget-container\">\n\t\t\t\t\t\t\t\t\t\t\t\t\t<img fetchpriority=\"high\" decoding=\"async\" width=\"1024\" height=\"342\" src=\"https:\/\/belfiore-italia.com\/wp-content\/uploads\/2023\/06\/foodflavorsplash50De.jpg\" class=\"attachment-large size-large wp-image-3889\" alt=\"\" srcset=\"https:\/\/belfiore-italia.com\/wp-content\/uploads\/2023\/06\/foodflavorsplash50De.jpg 1024w, https:\/\/belfiore-italia.com\/wp-content\/uploads\/2023\/06\/foodflavorsplash50De-300x100.jpg 300w, https:\/\/belfiore-italia.com\/wp-content\/uploads\/2023\/06\/foodflavorsplash50De-768x257.jpg 768w, https:\/\/belfiore-italia.com\/wp-content\/uploads\/2023\/06\/foodflavorsplash50De-240x80.jpg 240w, https:\/\/belfiore-italia.com\/wp-content\/uploads\/2023\/06\/foodflavorsplash50De-394x132.jpg 394w, https:\/\/belfiore-italia.com\/wp-content\/uploads\/2023\/06\/foodflavorsplash50De-915x306.jpg 915w, https:\/\/belfiore-italia.com\/wp-content\/uploads\/2023\/06\/foodflavorsplash50De-299x100.jpg 299w\" sizes=\"(max-width: 1024px) 100vw, 1024px\" \/>\t\t\t\t\t\t\t\t\t\t\t\t\t<\/div>\n\t\t\t\t<\/div>\n\t\t\t\t\t<\/div>\n\t\t<\/div>\n\t\t\t\t\t<\/div>\n\t\t<\/section>\n\t\t\t\t<section class=\"elementor-section elementor-top-section elementor-element elementor-element-085ec88 elementor-section-boxed elementor-section-height-default elementor-section-height-default\" data-id=\"085ec88\" data-element_type=\"section\">\n\t\t\t\t\t\t<div class=\"elementor-container elementor-column-gap-default\">\n\t\t\t\t\t<div class=\"elementor-column elementor-col-66 elementor-top-column elementor-element elementor-element-809423f\" data-id=\"809423f\" data-element_type=\"column\">\n\t\t\t<div class=\"elementor-widget-wrap elementor-element-populated\">\n\t\t\t\t\t\t<div class=\"elementor-element elementor-element-a1511f9 elementor-widget elementor-widget-text-editor\" data-id=\"a1511f9\" data-element_type=\"widget\" data-widget_type=\"text-editor.default\">\n\t\t\t\t<div class=\"elementor-widget-container\">\n\t\t\t\t\t\t\t<p>Alle Ferienwohnungen haben eine komplett eingerichtete K\u00fcche bzw. K\u00fcchenzeile. Sie k\u00f6nnen also nach Herzenslust die wunderbaren frischen Produkte der Saison einkaufen und selbst zubereiten. Im Umkreis von 5-10 km gibt es auch gute Restaurants verschiedener Preisklassen. Wir beraten Sie gerne.  <\/p>\n<p>So ab und zu verw\u00f6hnen wir Sie kulinarisch verw\u00f6hnen und bereiten f\u00fcr Sie ein typisches italienisches Abendessen zu. Dieses Vier-G\u00e4nge Men\u00fc k\u00f6nnen Sie zusammen mit den anderen G\u00e4sten drau\u00dfen oder im G\u00e4sterestaurant genie\u00dfen. Wir kochen mit \u00fcberwiegend biologischen Produkten und nehmen gerne R\u00fccksicht auf Di\u00e4tw\u00fcnsche bzw. Allergien. Die Kochkunst unserer K\u00f6chin und das gem\u00fctliche Ambiente garantieren Ihnen einen besonderen Abend. Auf Belfiore werden Getreide, Oliven und Sonnenblumen angebaut.   <\/p>\n<p>Im Obstgarten reifen je nach Jahreszeit Kirschen, Aprikosen, Pflaumen, Feigen Granat\u00e4pfel, Khakis und Quitten. Es gibt auch Mandelb\u00e4ume, Lorbeer und die typischen Kr\u00e4uter f\u00fcr die mediterrane K\u00fcche. <\/p>\n\t\t\t\t\t\t<\/div>\n\t\t\t\t<\/div>\n\t\t\t\t\t<\/div>\n\t\t<\/div>\n\t\t\t\t<div class=\"elementor-column elementor-col-33 elementor-top-column elementor-element elementor-element-c0cc20b\" data-id=\"c0cc20b\" data-element_type=\"column\">\n\t\t\t<div class=\"elementor-widget-wrap elementor-element-populated\">\n\t\t\t\t\t\t<div class=\"elementor-element elementor-element-69e17b1 elementor-widget elementor-widget-image\" data-id=\"69e17b1\" data-element_type=\"widget\" data-widget_type=\"image.default\">\n\t\t\t\t<div class=\"elementor-widget-container\">\n\t\t\t\t\t\t\t\t\t\t\t\t\t<img decoding=\"async\" width=\"200\" height=\"380\" src=\"https:\/\/belfiore-italia.com\/wp-content\/uploads\/2023\/04\/subset1-200x380-1.jpg\" class=\"attachment-large size-large wp-image-2625\" alt=\"\" srcset=\"https:\/\/belfiore-italia.com\/wp-content\/uploads\/2023\/04\/subset1-200x380-1.jpg 200w, https:\/\/belfiore-italia.com\/wp-content\/uploads\/2023\/04\/subset1-200x380-1-158x300.jpg 158w, https:\/\/belfiore-italia.com\/wp-content\/uploads\/2023\/04\/subset1-200x380-1-42x80.jpg 42w, https:\/\/belfiore-italia.com\/wp-content\/uploads\/2023\/04\/subset1-200x380-1-159x303.jpg 159w, https:\/\/belfiore-italia.com\/wp-content\/uploads\/2023\/04\/subset1-200x380-1-53x100.jpg 53w\" sizes=\"(max-width: 200px) 100vw, 200px\" \/>\t\t\t\t\t\t\t\t\t\t\t\t\t<\/div>\n\t\t\t\t<\/div>\n\t\t\t\t\t<\/div>\n\t\t<\/div>\n\t\t\t\t\t<\/div>\n\t\t<\/section>\n\t\t\t\t<section class=\"elementor-section elementor-top-section elementor-element elementor-element-08b1f2b elementor-section-boxed elementor-section-height-default elementor-section-height-default\" data-id=\"08b1f2b\" data-element_type=\"section\">\n\t\t\t\t\t\t<div class=\"elementor-container elementor-column-gap-default\">\n\t\t\t\t\t<div class=\"elementor-column elementor-col-66 elementor-top-column elementor-element elementor-element-014b7f3\" data-id=\"014b7f3\" data-element_type=\"column\">\n\t\t\t<div class=\"elementor-widget-wrap elementor-element-populated\">\n\t\t\t\t\t\t<div class=\"elementor-element elementor-element-1891b83 elementor-widget elementor-widget-spacer\" data-id=\"1891b83\" data-element_type=\"widget\" data-widget_type=\"spacer.default\">\n\t\t\t\t<div class=\"elementor-widget-container\">\n\t\t\t\t\t<div class=\"elementor-spacer\">\n\t\t\t<div class=\"elementor-spacer-inner\"><\/div>\n\t\t<\/div>\n\t\t\t\t<\/div>\n\t\t\t\t<\/div>\n\t\t\t\t<div class=\"elementor-element elementor-element-061ea11 elementor-widget elementor-widget-image\" data-id=\"061ea11\" data-element_type=\"widget\" data-widget_type=\"image.default\">\n\t\t\t\t<div class=\"elementor-widget-container\">\n\t\t\t\t\t\t\t\t\t\t\t\t\t<img decoding=\"async\" width=\"638\" height=\"436\" src=\"https:\/\/belfiore-italia.com\/wp-content\/uploads\/2023\/04\/AntiqueKitchen.jpg\" class=\"attachment-large size-large wp-image-2628\" alt=\"\" srcset=\"https:\/\/belfiore-italia.com\/wp-content\/uploads\/2023\/04\/AntiqueKitchen.jpg 638w, https:\/\/belfiore-italia.com\/wp-content\/uploads\/2023\/04\/AntiqueKitchen-300x205.jpg 300w, https:\/\/belfiore-italia.com\/wp-content\/uploads\/2023\/04\/AntiqueKitchen-117x80.jpg 117w, https:\/\/belfiore-italia.com\/wp-content\/uploads\/2023\/04\/AntiqueKitchen-394x269.jpg 394w, https:\/\/belfiore-italia.com\/wp-content\/uploads\/2023\/04\/AntiqueKitchen-146x100.jpg 146w\" sizes=\"(max-width: 638px) 100vw, 638px\" \/>\t\t\t\t\t\t\t\t\t\t\t\t\t<\/div>\n\t\t\t\t<\/div>\n\t\t\t\t\t<\/div>\n\t\t<\/div>\n\t\t\t\t<div class=\"elementor-column elementor-col-33 elementor-top-column elementor-element elementor-element-351cccf\" data-id=\"351cccf\" data-element_type=\"column\">\n\t\t\t<div class=\"elementor-widget-wrap elementor-element-populated\">\n\t\t\t\t\t\t<div class=\"elementor-element elementor-element-1119a17 elementor-widget elementor-widget-image\" data-id=\"1119a17\" data-element_type=\"widget\" data-widget_type=\"image.default\">\n\t\t\t\t<div class=\"elementor-widget-container\">\n\t\t\t\t\t\t\t\t\t\t\t\t\t<img loading=\"lazy\" decoding=\"async\" width=\"225\" height=\"224\" src=\"https:\/\/belfiore-italia.com\/wp-content\/uploads\/2023\/04\/pastapot.jpg\" class=\"attachment-th_img_md_portrait size-th_img_md_portrait wp-image-2634\" alt=\"Pot of pasta\" srcset=\"https:\/\/belfiore-italia.com\/wp-content\/uploads\/2023\/04\/pastapot.jpg 225w, https:\/\/belfiore-italia.com\/wp-content\/uploads\/2023\/04\/pastapot-150x150.jpg 150w, https:\/\/belfiore-italia.com\/wp-content\/uploads\/2023\/04\/pastapot-80x80.jpg 80w, https:\/\/belfiore-italia.com\/wp-content\/uploads\/2023\/04\/pastapot-100x100.jpg 100w\" sizes=\"(max-width: 225px) 100vw, 225px\" \/>\t\t\t\t\t\t\t\t\t\t\t\t\t<\/div>\n\t\t\t\t<\/div>\n\t\t\t\t<div class=\"elementor-element elementor-element-e89e53f elementor-widget elementor-widget-spacer\" data-id=\"e89e53f\" data-element_type=\"widget\" data-widget_type=\"spacer.default\">\n\t\t\t\t<div class=\"elementor-widget-container\">\n\t\t\t\t\t<div class=\"elementor-spacer\">\n\t\t\t<div class=\"elementor-spacer-inner\"><\/div>\n\t\t<\/div>\n\t\t\t\t<\/div>\n\t\t\t\t<\/div>\n\t\t\t\t<div class=\"elementor-element elementor-element-3752420 elementor-widget elementor-widget-image\" data-id=\"3752420\" data-element_type=\"widget\" data-widget_type=\"image.default\">\n\t\t\t\t<div class=\"elementor-widget-container\">\n\t\t\t\t\t\t\t\t\t\t\t\t\t<img loading=\"lazy\" decoding=\"async\" width=\"960\" height=\"641\" src=\"https:\/\/belfiore-italia.com\/wp-content\/uploads\/2023\/04\/chefcooking.jpg\" class=\"attachment-large size-large wp-image-2637\" alt=\"\" srcset=\"https:\/\/belfiore-italia.com\/wp-content\/uploads\/2023\/04\/chefcooking.jpg 960w, https:\/\/belfiore-italia.com\/wp-content\/uploads\/2023\/04\/chefcooking-300x200.jpg 300w, https:\/\/belfiore-italia.com\/wp-content\/uploads\/2023\/04\/chefcooking-768x513.jpg 768w, https:\/\/belfiore-italia.com\/wp-content\/uploads\/2023\/04\/chefcooking-120x80.jpg 120w, https:\/\/belfiore-italia.com\/wp-content\/uploads\/2023\/04\/chefcooking-394x263.jpg 394w, https:\/\/belfiore-italia.com\/wp-content\/uploads\/2023\/04\/chefcooking-915x611.jpg 915w, https:\/\/belfiore-italia.com\/wp-content\/uploads\/2023\/04\/chefcooking-150x100.jpg 150w\" sizes=\"(max-width: 960px) 100vw, 960px\" \/>\t\t\t\t\t\t\t\t\t\t\t\t\t<\/div>\n\t\t\t\t<\/div>\n\t\t\t\t\t<\/div>\n\t\t<\/div>\n\t\t\t\t\t<\/div>\n\t\t<\/section>\n\t\t\t\t<\/div>\n\t\t","protected":false},"excerpt":{"rendered":"<p>Alle Ferienwohnungen haben eine komplett eingerichtete K\u00fcche bzw. K\u00fcchenzeile. Sie k\u00f6nnen also nach Herzenslust die wunderbaren frischen Produkte der Saison einkaufen und selbst zubereiten. Im Umkreis von 5-10 km gibt es auch gute Restaurants verschiedener Preisklassen. Wir beraten Sie gerne. &hellip; <a href=\"https:\/\/belfiore-italia.com\/de\/geniessen-rezept\/\">Read More<\/a><\/p>\n","protected":false},"author":1,"featured_media":0,"parent":0,"menu_order":0,"comment_status":"closed","ping_status":"closed","template":"","meta":{"footnotes":""},"class_list":["post-3793","page","type-page","status-publish","hentry"],"aioseo_notices":[],"_links":{"self":[{"href":"https:\/\/belfiore-italia.com\/de\/wp-json\/wp\/v2\/pages\/3793","targetHints":{"allow":["GET"]}}],"collection":[{"href":"https:\/\/belfiore-italia.com\/de\/wp-json\/wp\/v2\/pages"}],"about":[{"href":"https:\/\/belfiore-italia.com\/de\/wp-json\/wp\/v2\/types\/page"}],"author":[{"embeddable":true,"href":"https:\/\/belfiore-italia.com\/de\/wp-json\/wp\/v2\/users\/1"}],"replies":[{"embeddable":true,"href":"https:\/\/belfiore-italia.com\/de\/wp-json\/wp\/v2\/comments?post=3793"}],"version-history":[{"count":29,"href":"https:\/\/belfiore-italia.com\/de\/wp-json\/wp\/v2\/pages\/3793\/revisions"}],"predecessor-version":[{"id":6856,"href":"https:\/\/belfiore-italia.com\/de\/wp-json\/wp\/v2\/pages\/3793\/revisions\/6856"}],"wp:attachment":[{"href":"https:\/\/belfiore-italia.com\/de\/wp-json\/wp\/v2\/media?parent=3793"}],"curies":[{"name":"wp","href":"https:\/\/api.w.org\/{rel}","templated":true}]}}