{"id":3821,"date":"2023-04-10T20:27:59","date_gmt":"2023-04-10T18:27:59","guid":{"rendered":"https:\/\/belfiore-italia.com\/bedingungen\/"},"modified":"2026-02-18T15:44:59","modified_gmt":"2026-02-18T14:44:59","slug":"bedingungen","status":"publish","type":"page","link":"https:\/\/belfiore-italia.com\/de\/bedingungen\/","title":{"rendered":"Bedingungen"},"content":{"rendered":"\t\t<div data-elementor-type=\"wp-page\" data-elementor-id=\"3821\" class=\"elementor elementor-3821 elementor-2438\">\n\t\t\t\t\t\t<section class=\"elementor-section elementor-top-section elementor-element elementor-element-b84818c elementor-section-full_width elementor-section-height-default elementor-section-height-default\" data-id=\"b84818c\" data-element_type=\"section\" data-settings=\"{&quot;background_background&quot;:&quot;classic&quot;}\">\n\t\t\t\t\t\t<div class=\"elementor-container elementor-column-gap-default\">\n\t\t\t\t\t<div class=\"elementor-column elementor-col-100 elementor-top-column elementor-element elementor-element-9454ba5\" data-id=\"9454ba5\" data-element_type=\"column\">\n\t\t\t<div class=\"elementor-widget-wrap elementor-element-populated\">\n\t\t\t\t\t\t<div class=\"elementor-element elementor-element-50ec908 elementor-widget elementor-widget-menu-anchor\" data-id=\"50ec908\" data-element_type=\"widget\" data-widget_type=\"menu-anchor.default\">\n\t\t\t\t<div class=\"elementor-widget-container\">\n\t\t\t\t\t<div class=\"elementor-menu-anchor\" id=\"location\"><\/div>\n\t\t\t\t<\/div>\n\t\t\t\t<\/div>\n\t\t\t\t<div class=\"elementor-element elementor-element-6ebdae0 elementor-widget elementor-widget-spacer\" data-id=\"6ebdae0\" data-element_type=\"widget\" data-widget_type=\"spacer.default\">\n\t\t\t\t<div class=\"elementor-widget-container\">\n\t\t\t\t\t<div class=\"elementor-spacer\">\n\t\t\t<div class=\"elementor-spacer-inner\"><\/div>\n\t\t<\/div>\n\t\t\t\t<\/div>\n\t\t\t\t<\/div>\n\t\t\t\t<div class=\"elementor-element elementor-element-260a60a elementor-widget elementor-widget-spacer\" data-id=\"260a60a\" data-element_type=\"widget\" data-widget_type=\"spacer.default\">\n\t\t\t\t<div class=\"elementor-widget-container\">\n\t\t\t\t\t<div class=\"elementor-spacer\">\n\t\t\t<div class=\"elementor-spacer-inner\"><\/div>\n\t\t<\/div>\n\t\t\t\t<\/div>\n\t\t\t\t<\/div>\n\t\t\t\t<section class=\"elementor-section elementor-inner-section elementor-element elementor-element-18a9766 elementor-section-boxed elementor-section-height-default elementor-section-height-default\" data-id=\"18a9766\" data-element_type=\"section\">\n\t\t\t\t\t\t<div class=\"elementor-container elementor-column-gap-default\">\n\t\t\t\t\t<div class=\"elementor-column elementor-col-100 elementor-inner-column elementor-element elementor-element-19724b2\" data-id=\"19724b2\" data-element_type=\"column\">\n\t\t\t<div class=\"elementor-widget-wrap elementor-element-populated\">\n\t\t\t\t\t\t<div class=\"elementor-element elementor-element-8fec9d1 elementor-widget__width-initial elementor-widget elementor-widget-heading\" data-id=\"8fec9d1\" data-element_type=\"widget\" data-widget_type=\"heading.default\">\n\t\t\t\t<div class=\"elementor-widget-container\">\n\t\t\t<h1 class=\"elementor-heading-title elementor-size-default\">Bedingungen<\/h1>\t\t<\/div>\n\t\t\t\t<\/div>\n\t\t\t\t<div class=\"elementor-element elementor-element-1b06cd8 elementor-widget__width-initial elementor-widget elementor-widget-text-editor\" data-id=\"1b06cd8\" data-element_type=\"widget\" data-widget_type=\"text-editor.default\">\n\t\t\t\t<div class=\"elementor-widget-container\">\n\t\t\t\t\t\t\t<ul><li style=\"list-style-type: none;\"><ul><li><strong>Hauptsaison :<\/strong><br \/>11.07.2026 \u2013 29.08.2026<\/li><li><strong>Nebensaison:<\/strong><br \/>01.04.2026 \u2013 11.07.2026<br \/>29.08.2026 \u2013 01.10.2026<\/li><li><strong>Hauptsaison: 1 Woche, Ankunftstag Samstag ab 16:00, Abreise vor 10:00<\/strong><\/li><li><strong>Nebensaison: 3 Tage, Ankunftstag variabel<\/strong><\/li><li>Wir best\u00e4tigen Ihre Buchung nach Erhalt von 50% Anzahlung gem\u00e4\u00df Rechnung. Den Rest zahlen Sie 6 Wochen vor Reiseantritt<\/li><li>Kaution \u20ac 200<\/li><li>Wir empfehlen unseren Gaesten, eine Reiseruecktrittsversicherung abzuschliessen.<\/li><li>Die Preise verstehen sich <strong>pro Woche inkl. Bettw\u00e4sche<\/strong>, die 1 x pro Woche gewechselt wird <strong>und Handtuecher<\/strong> und Abtrockner 2x pro Woche.<\/li><li><strong>Die Kosten f\u00fcr die Endreinigung<\/strong> sind je nach Gr\u00f6\u00dfe der Wohnung <strong>obligatorisch<\/strong>: 50 \u20ac \u2013 80 \u20ac.<\/li><li>Extra Reinigung sowohl extra Bettw\u00e4sche und Handt\u00fccher gegen Aufpreis m\u00f6glich<\/li><li><strong>Gratis Benutzung der Waschmaschine<\/strong> und Waschmittel<\/li><li><strong>Gratis WLAN Internet<\/strong> im Gemeinschaftsraum und auf de Piazza<\/li><li>Poolhandt\u00fccher selber mitbringen oder mieten f\u00fcr \u20ac5<\/li><li><strong><strong>T\u00e4glich frisches Brot und Cappuccino<\/strong><\/strong><\/li><li><strong>Fr\u00fchst\u00fcck nur auf Anfrage und nur in der Nebensaison<\/strong><\/li><li>Zus\u00e4tzliches Bett wo moeglich (+) \u20ac 110 pro Woche<\/li><li>Fragen Sie nach zusaetzlichen Heizkosten in den Wintermonaten.<\/li><\/ul><\/li><\/ul>\t\t\t\t\t\t<\/div>\n\t\t\t\t<\/div>\n\t\t\t\t\t<\/div>\n\t\t<\/div>\n\t\t\t\t\t<\/div>\n\t\t<\/section>\n\t\t\t\t<section class=\"elementor-section elementor-inner-section elementor-element elementor-element-110c917 elementor-section-boxed elementor-section-height-default elementor-section-height-default\" data-id=\"110c917\" data-element_type=\"section\">\n\t\t\t\t\t\t<div class=\"elementor-container elementor-column-gap-default\">\n\t\t\t\t\t<div class=\"elementor-column elementor-col-100 elementor-inner-column elementor-element elementor-element-c3fb58d\" data-id=\"c3fb58d\" data-element_type=\"column\">\n\t\t\t<div class=\"elementor-widget-wrap elementor-element-populated\">\n\t\t\t\t\t\t<div class=\"elementor-element elementor-element-adca62b elementor-view-default elementor-position-top elementor-widget elementor-widget-themo-header\" data-id=\"adca62b\" data-element_type=\"widget\" data-widget_type=\"themo-header.default\">\n\t\t\t\t<div class=\"elementor-widget-container\">\n\t\t\t\t\t<div class=\"th-header-wrap\">\n        <div class=\"elementor-icon-box-wrapper \">\n                            <div class=\"elementor-icon-box-content\">\n                    <h1 class=\"elementor-icon-box-title\">\n                                            <\/h1>\n                                        <p class=\"elementor-icon-box-description\">Buchen Sie \u00fcber unser Kontaktformular. Unser Team spricht Deutsch, Niederl\u00e4ndisch und Englisch. Sie k\u00f6nnen uns f\u00fcr alle Fragen per Telefon, E-Mail oder sogar WhatsApp kontaktieren.  <\/p>\n\n                                            <div class=\"th-btn-wrap\">\n                                                            <a class=\"btn-1 btn th-btn btn-standard-primary\" href=\"\/de\/contact-us\">\n                                                                            Contact Us                                                                    <\/a>\n                            \n                                                    <\/div>\n                                    <\/div>\n            <\/div>\n\n        <\/div>\n\n\t\t\t\t<\/div>\n\t\t\t\t<\/div>\n\t\t\t\t\t<\/div>\n\t\t<\/div>\n\t\t\t\t\t<\/div>\n\t\t<\/section>\n\t\t\t\t<section class=\"elementor-section elementor-inner-section elementor-element elementor-element-df87ad5 elementor-section-boxed elementor-section-height-default elementor-section-height-default\" data-id=\"df87ad5\" data-element_type=\"section\">\n\t\t\t\t\t\t<div class=\"elementor-container elementor-column-gap-default\">\n\t\t\t\t\t<div class=\"elementor-column elementor-col-50 elementor-inner-column elementor-element elementor-element-286304a\" data-id=\"286304a\" data-element_type=\"column\">\n\t\t\t<div class=\"elementor-widget-wrap elementor-element-populated\">\n\t\t\t\t\t\t<div class=\"elementor-element elementor-element-0947bdf elementor-widget__width-initial elementor-widget elementor-widget-heading\" data-id=\"0947bdf\" data-element_type=\"widget\" data-widget_type=\"heading.default\">\n\t\t\t\t<div class=\"elementor-widget-container\">\n\t\t\t<h5 class=\"elementor-heading-title elementor-size-default\">Folgen Sie uns auf Social Media:<\/h5>\t\t<\/div>\n\t\t\t\t<\/div>\n\t\t\t\t\t<\/div>\n\t\t<\/div>\n\t\t\t\t<div class=\"elementor-column elementor-col-50 elementor-inner-column elementor-element elementor-element-6de9390\" data-id=\"6de9390\" data-element_type=\"column\">\n\t\t\t<div class=\"elementor-widget-wrap elementor-element-populated\">\n\t\t\t\t\t\t<div class=\"elementor-element elementor-element-1f854ed e-grid-align-left elementor-widget__width-initial elementor-shape-rounded elementor-grid-0 elementor-widget elementor-widget-social-icons\" data-id=\"1f854ed\" data-element_type=\"widget\" data-widget_type=\"social-icons.default\">\n\t\t\t\t<div class=\"elementor-widget-container\">\n\t\t\t\t\t<div class=\"elementor-social-icons-wrapper elementor-grid\">\n\t\t\t\t\t\t\t<span class=\"elementor-grid-item\">\n\t\t\t\t\t<a class=\"elementor-icon elementor-social-icon elementor-social-icon-whatsapp elementor-repeater-item-84cc585\" href=\"https:\/\/wa.me\/393484627954\" target=\"_blank\">\n\t\t\t\t\t\t<span class=\"elementor-screen-only\">Whatsapp<\/span>\n\t\t\t\t\t\t<i class=\"fab fa-whatsapp\"><\/i>\t\t\t\t\t<\/a>\n\t\t\t\t<\/span>\n\t\t\t\t\t\t\t<span class=\"elementor-grid-item\">\n\t\t\t\t\t<a class=\"elementor-icon elementor-social-icon elementor-social-icon-facebook elementor-repeater-item-3bb8304\" href=\"https:\/\/www.facebook.com\/525995467458539\" target=\"_blank\">\n\t\t\t\t\t\t<span class=\"elementor-screen-only\">Facebook<\/span>\n\t\t\t\t\t\t<i class=\"fab fa-facebook\"><\/i>\t\t\t\t\t<\/a>\n\t\t\t\t<\/span>\n\t\t\t\t\t\t\t<span class=\"elementor-grid-item\">\n\t\t\t\t\t<a class=\"elementor-icon elementor-social-icon elementor-social-icon-instagram elementor-repeater-item-eecd03e\" href=\"https:\/\/www.instagram.com\/borgo_belfiore\/\" target=\"_blank\">\n\t\t\t\t\t\t<span class=\"elementor-screen-only\">Instagram<\/span>\n\t\t\t\t\t\t<i class=\"fab fa-instagram\"><\/i>\t\t\t\t\t<\/a>\n\t\t\t\t<\/span>\n\t\t\t\t\t<\/div>\n\t\t\t\t<\/div>\n\t\t\t\t<\/div>\n\t\t\t\t\t<\/div>\n\t\t<\/div>\n\t\t\t\t\t<\/div>\n\t\t<\/section>\n\t\t\t\t\t<\/div>\n\t\t<\/div>\n\t\t\t\t\t<\/div>\n\t\t<\/section>\n\t\t\t\t<\/div>\n\t\t","protected":false},"excerpt":{"rendered":"<p>Bedingungen Hauptsaison :11.07.2026 \u2013 29.08.2026 Nebensaison:01.04.2026 \u2013 11.07.202629.08.2026 \u2013 01.10.2026 Hauptsaison: 1 Woche, Ankunftstag Samstag ab 16:00, Abreise vor 10:00 Nebensaison: 3 Tage, Ankunftstag variabel Wir best\u00e4tigen Ihre Buchung nach Erhalt von 50% Anzahlung gem\u00e4\u00df Rechnung. Den Rest zahlen Sie &hellip; <a href=\"https:\/\/belfiore-italia.com\/de\/bedingungen\/\">Read More<\/a><\/p>\n","protected":false},"author":1,"featured_media":0,"parent":0,"menu_order":0,"comment_status":"closed","ping_status":"closed","template":"","meta":{"footnotes":""},"class_list":["post-3821","page","type-page","status-publish","hentry"],"aioseo_notices":[],"_links":{"self":[{"href":"https:\/\/belfiore-italia.com\/de\/wp-json\/wp\/v2\/pages\/3821","targetHints":{"allow":["GET"]}}],"collection":[{"href":"https:\/\/belfiore-italia.com\/de\/wp-json\/wp\/v2\/pages"}],"about":[{"href":"https:\/\/belfiore-italia.com\/de\/wp-json\/wp\/v2\/types\/page"}],"author":[{"embeddable":true,"href":"https:\/\/belfiore-italia.com\/de\/wp-json\/wp\/v2\/users\/1"}],"replies":[{"embeddable":true,"href":"https:\/\/belfiore-italia.com\/de\/wp-json\/wp\/v2\/comments?post=3821"}],"version-history":[{"count":22,"href":"https:\/\/belfiore-italia.com\/de\/wp-json\/wp\/v2\/pages\/3821\/revisions"}],"predecessor-version":[{"id":7952,"href":"https:\/\/belfiore-italia.com\/de\/wp-json\/wp\/v2\/pages\/3821\/revisions\/7952"}],"wp:attachment":[{"href":"https:\/\/belfiore-italia.com\/de\/wp-json\/wp\/v2\/media?parent=3821"}],"curies":[{"name":"wp","href":"https:\/\/api.w.org\/{rel}","templated":true}]}}