{"id":8193,"date":"2026-04-19T08:29:36","date_gmt":"2026-04-19T06:29:36","guid":{"rendered":"https:\/\/belfiore-italia.com\/cookie-banner\/"},"modified":"2026-04-19T10:43:42","modified_gmt":"2026-04-19T08:43:42","slug":"cookie-banner","status":"publish","type":"page","link":"https:\/\/belfiore-italia.com\/de\/cookie-banner\/","title":{"rendered":"Cookie Banner"},"content":{"rendered":"\t\t<div data-elementor-type=\"wp-page\" data-elementor-id=\"8193\" class=\"elementor elementor-8193 elementor-8185\">\n\t\t\t\t\t\t<section class=\"elementor-section elementor-top-section elementor-element elementor-element-4b44fbe elementor-section-boxed elementor-section-height-default elementor-section-height-default\" data-id=\"4b44fbe\" data-element_type=\"section\">\n\t\t\t\t\t\t<div class=\"elementor-container elementor-column-gap-default\">\n\t\t\t\t\t<div class=\"elementor-column elementor-col-100 elementor-top-column elementor-element elementor-element-7e803d0\" data-id=\"7e803d0\" data-element_type=\"column\">\n\t\t\t<div class=\"elementor-widget-wrap elementor-element-populated\">\n\t\t\t\t\t\t<div class=\"elementor-element elementor-element-111639c elementor-widget elementor-widget-text-editor\" data-id=\"111639c\" data-element_type=\"widget\" data-widget_type=\"text-editor.default\">\n\t\t\t\t<div class=\"elementor-widget-container\">\n\t\t\t\t\t\t\t<h6 role=\"heading\" aria-level=\"3\" data-sfc-root=\"c\" data-complete=\"true\" data-processed=\"true\"><br><br><br>Datenschutz- und Cookie-Richtlinien<br><strong class=\"Yjhzub\" style=\"font-family: inherit; font-style: inherit;\" data-sfc-root=\"c\" data-sfc-cb=\"\" data-complete=\"true\" data-processed=\"true\">Zuletzt aktualisiert: 19. April 2026<\/strong><\/h6><div data-sfc-cp=\"\" data-sfc-root=\"c\" data-sfc-cb=\"\" data-hveid=\"CAEIBRAA\" data-complete=\"true\" data-processed=\"true\"> <\/div><div class=\"Y3BBE\" data-sfc-cp=\"\" data-sfc-root=\"c\" data-sfc-cb=\"\" data-hveid=\"CAEIBRAA\" data-complete=\"true\" data-processed=\"true\">Wir bei <strong>Borgo Belfiore<\/strong> setzen uns f\u00fcr den Schutz Ihrer Privatsph\u00e4re ein.<\/div><div class=\"Y3BBE\" data-sfc-cp=\"\" data-sfc-root=\"c\" data-sfc-cb=\"\" data-hveid=\"CAEIBRAA\" data-complete=\"true\" data-processed=\"true\">In dieser Richtlinie wird erl\u00e4utert, wie wir mit Ihren personenbezogenen Daten umgehen und wie wir Cookies auf unserer Website verwenden.<\/div><div class=\"Fsg96\" data-sfc-cp=\"\" data-sfc-root=\"c\" data-sfc-cb=\"\" data-complete=\"true\" data-processed=\"true\"> <\/div><div class=\"otQkpb\" role=\"heading\" aria-level=\"3\" data-animation-nesting=\"\" data-sfc-cp=\"\" data-sfc-root=\"c\" data-sfc-cb=\"\" data-complete=\"true\" data-processed=\"true\" data-sae=\"\">1. Personenbezogene Daten, die wir sammeln<\/div><div class=\"Y3BBE\" data-sfc-cp=\"\" data-sfc-root=\"c\" data-sfc-cb=\"\" data-hveid=\"CAEIBhAA\" data-complete=\"true\" data-processed=\"true\">Wenn Sie eine Reservierung vornehmen oder uns \u00fcber unsere Website kontaktieren, sammeln wir m\u00f6glicherweise die folgenden Informationen:<\/div><ul class=\"KsbFXc U6u95\" data-sfc-root=\"c\" data-sfc-cb=\"\" data-complete=\"true\" data-processed=\"true\"><li class=\"dF3vjf\" data-sfc-root=\"c\" data-sfc-cb=\"\" data-hveid=\"CAEIBxAA\" data-complete=\"true\" data-sae=\"\"><span class=\"T286Pc\" data-sfc-cp=\"\" data-sfc-root=\"c\" data-sfc-cb=\"\" data-complete=\"true\">Name, E-Mail-Adresse und Telefonnummer.<\/span><\/li><li class=\"dF3vjf\" data-sfc-root=\"c\" data-sfc-cb=\"\" data-hveid=\"CAEIBxAB\" data-complete=\"true\" data-sae=\"\"><span class=\"T286Pc\" data-sfc-cp=\"\" data-sfc-root=\"c\" data-sfc-cb=\"\" data-complete=\"true\">Buchungsdetails (Aufenthaltsdaten, Anzahl der G\u00e4ste).<\/span><\/li><li class=\"dF3vjf\" data-sfc-root=\"c\" data-sfc-cb=\"\" data-hveid=\"CAEIBxAC\" data-complete=\"true\" data-sae=\"\"><span class=\"T286Pc\" data-sfc-cp=\"\" data-sfc-root=\"c\" data-sfc-cb=\"\" data-complete=\"true\">Zahlungsinformationen (sicher \u00fcber unser Buchungssystem verarbeitet).<br><\/span><\/li><\/ul><div class=\"Fsg96\" data-sfc-cp=\"\" data-sfc-root=\"c\" data-sfc-cb=\"\" data-complete=\"true\" data-processed=\"true\"> <\/div><div class=\"otQkpb\" role=\"heading\" aria-level=\"3\" data-animation-nesting=\"\" data-sfc-cp=\"\" data-sfc-root=\"c\" data-sfc-cb=\"\" data-complete=\"true\" data-processed=\"true\" data-sae=\"\">2. Wie wir Ihre Daten verwenden<\/div><div class=\"Y3BBE\" data-sfc-cp=\"\" data-sfc-root=\"c\" data-sfc-cb=\"\" data-hveid=\"CAEICBAA\" data-complete=\"true\" data-processed=\"true\">Wir verwenden Ihre Informationen ausschlie\u00dflich f\u00fcr:<\/div><ul class=\"KsbFXc U6u95\" data-sfc-root=\"c\" data-sfc-cb=\"\" data-complete=\"true\" data-processed=\"true\"><li class=\"dF3vjf\" data-sfc-root=\"c\" data-sfc-cb=\"\" data-hveid=\"CAEICRAA\" data-complete=\"true\" data-sae=\"\"><span class=\"T286Pc\" data-sfc-cp=\"\" data-sfc-root=\"c\" data-sfc-cb=\"\" data-complete=\"true\">Die Bearbeitung und Best\u00e4tigung Ihrer Buchungen.<\/span><\/li><li class=\"dF3vjf\" data-sfc-root=\"c\" data-sfc-cb=\"\" data-hveid=\"CAEICRAB\" data-complete=\"true\" data-sae=\"\"><span class=\"T286Pc\" data-sfc-cp=\"\" data-sfc-root=\"c\" data-sfc-cb=\"\" data-complete=\"true\">Die Kommunikation mit Ihnen bez\u00fcglich Ihres Aufenthalts.<\/span><\/li><li class=\"dF3vjf\" data-sfc-root=\"c\" data-sfc-cb=\"\" data-hveid=\"CAEICRAC\" data-complete=\"true\" data-sae=\"\"><span class=\"T286Pc\" data-sfc-cp=\"\" data-sfc-root=\"c\" data-sfc-cb=\"\" data-complete=\"true\">Die Einhaltung italienischer gesetzlicher Anforderungen (z. B. Meldung von G\u00e4stedaten an lokale Beh\u00f6rden).<\/span><\/li><\/ul><div class=\"Fsg96\" data-sfc-cp=\"\" data-sfc-root=\"c\" data-sfc-cb=\"\" data-complete=\"true\" data-processed=\"true\"> <\/div><div class=\"otQkpb\" role=\"heading\" aria-level=\"3\" data-animation-nesting=\"\" data-sfc-cp=\"\" data-sfc-root=\"c\" data-sfc-cb=\"\" data-complete=\"true\" data-processed=\"true\" data-sae=\"\">3. Cookies<\/div><div class=\"Y3BBE\" data-sfc-cp=\"\" data-sfc-root=\"c\" data-sfc-cb=\"\" data-hveid=\"CAEIChAA\" data-complete=\"true\" data-processed=\"true\">Wir verwenden Cookies, um Ihre Erfahrung auf unserer Website zu verbessern.<\/div><ul class=\"KsbFXc U6u95\" data-sfc-root=\"c\" data-sfc-cb=\"\" data-complete=\"true\" data-processed=\"true\"><li class=\"dF3vjf\" data-sfc-root=\"c\" data-sfc-cb=\"\" data-hveid=\"CAEICxAA\" data-complete=\"true\" data-sae=\"\"><span class=\"T286Pc\" data-sfc-cp=\"\" data-sfc-root=\"c\" data-sfc-cb=\"\" data-complete=\"true\"><strong class=\"Yjhzub\" data-sfc-root=\"c\" data-sfc-cb=\"\" data-complete=\"true\">Notwendige Cookies:<\/strong> Erforderlich f\u00fcr das Buchungssystem und die grundlegende Funktionalit\u00e4t der Website.<\/span><\/li><li class=\"dF3vjf\" data-sfc-root=\"c\" data-sfc-cb=\"\" data-hveid=\"CAEICxAB\" data-complete=\"true\" data-sae=\"\"><span class=\"T286Pc\" data-sfc-cp=\"\" data-sfc-root=\"c\" data-sfc-cb=\"\" data-complete=\"true\"><strong class=\"Yjhzub\" data-sfc-root=\"c\" data-sfc-cb=\"\" data-complete=\"true\">Analytische Cookies:<\/strong> Um zu verstehen, wie Besucher unsere Website nutzen (z. B. Google Analytics). Diese werden erst aktiviert, wenn Sie auf \u201eAkzeptieren\u201c klicken. <\/span><\/li><li class=\"dF3vjf\" data-sfc-root=\"c\" data-sfc-cb=\"\" data-hveid=\"CAEICxAC\" data-complete=\"true\" data-sae=\"\"><span class=\"T286Pc\" data-sfc-cp=\"\" data-sfc-root=\"c\" data-sfc-cb=\"\" data-complete=\"true\"><strong class=\"Yjhzub\" data-sfc-root=\"c\" data-sfc-cb=\"\" data-complete=\"true\">Funktionale Cookies: <\/strong>Werden f\u00fcr Funktionen wie Google Maps verwendet, um unseren Standort anzuzeigen.<\/span><\/li><\/ul><div class=\"Fsg96\" data-sfc-cp=\"\" data-sfc-root=\"c\" data-sfc-cb=\"\" data-complete=\"true\" data-processed=\"true\"> <\/div><div class=\"otQkpb\" role=\"heading\" aria-level=\"3\" data-animation-nesting=\"\" data-sfc-cp=\"\" data-sfc-root=\"c\" data-sfc-cb=\"\" data-complete=\"true\" data-processed=\"true\" data-sae=\"\">4. Dritte<\/div><div class=\"Y3BBE\" data-sfc-cp=\"\" data-sfc-root=\"c\" data-sfc-cb=\"\" data-hveid=\"CAEIDBAA\" data-complete=\"true\" data-processed=\"true\">Wir verkaufen Ihre Daten nicht an Dritte. Wir geben Informationen nur an wesentliche Dienstleister weiter, wie z. B. unsere Buchungsmaschine und Zahlungsabwickler, oder wenn dies gesetzlich vorgeschreven ist. <\/div><div class=\"Fsg96\" data-sfc-cp=\"\" data-sfc-root=\"c\" data-sfc-cb=\"\" data-complete=\"true\" data-processed=\"true\"> <\/div><div class=\"otQkpb\" role=\"heading\" aria-level=\"3\" data-animation-nesting=\"\" data-sfc-cp=\"\" data-sfc-root=\"c\" data-sfc-cb=\"\" data-complete=\"true\" data-processed=\"true\" data-sae=\"\">5. Your Rights<\/div><div class=\"Y3BBE\" data-sfc-cp=\"\" data-sfc-root=\"c\" data-sfc-cb=\"\" data-hveid=\"CAEIDRAA\" data-complete=\"true\" data-processed=\"true\" aria-owns=\"action-menu-parent-container\">Sie haben jederzeit das Recht auf Auskunft, Berichtigung oder L\u00f6schung Ihrer personenbezogenen Daten.<br>Wenn Sie Fragen haben, kontaktieren Sie uns bitte unter: info@belfiore-italia.com.<br> <\/div>\t\t\t\t\t\t<\/div>\n\t\t\t\t<\/div>\n\t\t\t\t\t<\/div>\n\t\t<\/div>\n\t\t\t\t\t<\/div>\n\t\t<\/section>\n\t\t\t\t<\/div>\n\t\t","protected":false},"excerpt":{"rendered":"<p>Datenschutz- und Cookie-RichtlinienZuletzt aktualisiert: 19. April 2026 Wir bei Borgo Belfiore setzen uns f\u00fcr den Schutz Ihrer Privatsph\u00e4re ein.In dieser Richtlinie wird erl\u00e4utert, wie wir mit Ihren personenbezogenen Daten umgehen und wie wir Cookies auf unserer Website verwenden. 1. Personenbezogene &hellip; <a href=\"https:\/\/belfiore-italia.com\/de\/cookie-banner\/\">Read More<\/a><\/p>\n","protected":false},"author":5,"featured_media":0,"parent":0,"menu_order":0,"comment_status":"closed","ping_status":"closed","template":"","meta":{"footnotes":""},"class_list":["post-8193","page","type-page","status-publish","hentry"],"aioseo_notices":[],"_links":{"self":[{"href":"https:\/\/belfiore-italia.com\/de\/wp-json\/wp\/v2\/pages\/8193","targetHints":{"allow":["GET"]}}],"collection":[{"href":"https:\/\/belfiore-italia.com\/de\/wp-json\/wp\/v2\/pages"}],"about":[{"href":"https:\/\/belfiore-italia.com\/de\/wp-json\/wp\/v2\/types\/page"}],"author":[{"embeddable":true,"href":"https:\/\/belfiore-italia.com\/de\/wp-json\/wp\/v2\/users\/5"}],"replies":[{"embeddable":true,"href":"https:\/\/belfiore-italia.com\/de\/wp-json\/wp\/v2\/comments?post=8193"}],"version-history":[{"count":6,"href":"https:\/\/belfiore-italia.com\/de\/wp-json\/wp\/v2\/pages\/8193\/revisions"}],"predecessor-version":[{"id":8220,"href":"https:\/\/belfiore-italia.com\/de\/wp-json\/wp\/v2\/pages\/8193\/revisions\/8220"}],"wp:attachment":[{"href":"https:\/\/belfiore-italia.com\/de\/wp-json\/wp\/v2\/media?parent=8193"}],"curies":[{"name":"wp","href":"https:\/\/api.w.org\/{rel}","templated":true}]}}